{"id":9142,"date":"2023-08-30T09:29:11","date_gmt":"2023-08-30T08:29:11","guid":{"rendered":"https:\/\/www.swisnot.ch\/?page_id=9142"},"modified":"2023-08-30T09:29:11","modified_gmt":"2023-08-30T08:29:11","slug":"informativa-sulla-privacy","status":"publish","type":"page","link":"https:\/\/www.swisnot.ch\/it\/informativa-sulla-privacy\/","title":{"rendered":"Informativa sulla privacy"},"content":{"rendered":"<div id='av_section_1'  class='avia-section av-4kih77-0191089bdf53a8f31914ff49c27900af main_color avia-section-default avia-no-border-styling  avia-builder-el-0  avia-builder-el-no-sibling  avia-bg-style-scroll container_wrap fullsize'  ><div class='container av-section-cont-open' ><main  role=\"main\" itemprop=\"mainContentOfPage\"  class='template-page content  av-content-full alpha units'><div class='post-entry post-entry-type-page post-entry-9142'><div class='entry-content-wrapper clearfix'>\n\n<style type=\"text\/css\" data-created_by=\"avia_inline_auto\" id=\"style-css-av-21xdib-098aab059422e738a8b61c8d5924ae9b\">\n.flex_column.av-21xdib-098aab059422e738a8b61c8d5924ae9b{\nborder-radius:0px 0px 0px 0px;\npadding:0px 0px 0px 0px;\n}\n<\/style>\n<div  class='flex_column av-21xdib-098aab059422e738a8b61c8d5924ae9b av_one_full  avia-builder-el-1  avia-builder-el-no-sibling  first flex_column_div av-zero-column-padding  '     ><p>\n<style type=\"text\/css\" data-created_by=\"avia_inline_auto\" id=\"style-css-av-llxf32gu-c7c4a55e707be033294b5d234d46bb4d\">\n#top .av-special-heading.av-llxf32gu-c7c4a55e707be033294b5d234d46bb4d{\npadding-bottom:10px;\n}\nbody .av-special-heading.av-llxf32gu-c7c4a55e707be033294b5d234d46bb4d .av-special-heading-tag .heading-char{\nfont-size:25px;\n}\n.av-special-heading.av-llxf32gu-c7c4a55e707be033294b5d234d46bb4d .av-subheading{\nfont-size:15px;\n}\n<\/style>\n<div  class='av-special-heading av-llxf32gu-c7c4a55e707be033294b5d234d46bb4d av-special-heading-h1 blockquote modern-quote  avia-builder-el-2  el_before_av_textblock  avia-builder-el-first '><h1 class='av-special-heading-tag '  itemprop=\"headline\"  >Informativa sulla privacy<\/h1><div class=\"special-heading-border\"><div class=\"special-heading-inner-border\"><\/div><\/div><\/div><br \/>\n<section  class='av_textblock_section av-llxfvw8n-2ef08ccbd2b527f431f2c260f323bcad '   itemscope=\"itemscope\" itemtype=\"https:\/\/schema.org\/CreativeWork\" ><div class='avia_textblock'  itemprop=\"text\" ><h2>Tutela dei dati<\/h2>\n<p>Secondo l&#8217;articolo 13 della Costituzione federale svizzera e le disposizioni federali sulla protezione dei dati (Legge sulla protezione dei dati, LPD), ogni persona ha diritto alla protezione della sua sfera privata e alla protezione contro l&#8217;uso improprio dei suoi dati personali. Rispettiamo queste disposizioni. I dati personali sono trattati in modo strettamente confidenziale e non vengono n\u00e9 venduti n\u00e9 trasmessi a terzi.<\/p>\n<p>In stretta collaborazione con i nostri fornitori di hosting, facciamo tutto il possibile per proteggere al meglio i database dagli accessi di terzi, dalla perdita, dall&#8217;abuso o dalla falsificazione.<\/p>\n<p>Quando si accede ai nostri siti web, i seguenti dati vengono registrati nei file di log: indirizzo IP, data, ora, richiesta del browser e informazioni generali trasmesse sul sistema operativo o sul browser. Questi dati di utilizzo costituiscono la base per valutazioni statistiche anonime, al fine di identificare le tendenze che ci permettono di migliorare i nostri servizi di conseguenza.<\/p>\n<h2>Raccolta e trattamento dei dati personali<\/h2>\n<p>Quando utilizzi i nostri servizi, in particolare compilando i moduli di contatto o di creazione di SA o SARL sul nostro sito, raccogliamo ed elaboriamo i dati personali che fornisci, come il tuo nome, cognome, indirizzo, comune d&#8217;origine, numero di telefono, indirizzo e-mail e altre informazioni relative alla tua richiesta.<\/p>\n<p>Utilizziamo questi dati per elaborare le tue richieste, fornire i nostri servizi, comunicare con te e, se necessario, fatturare i nostri servizi.<\/p>\n<p>I tuoi dati personali non saranno condivisi con terzi, a meno che ci\u00f2 non sia necessario per fornire i nostri servizi, adempiere agli obblighi legali o proteggere i nostri diritti e la nostra propriet\u00e0.<\/p>\n<h2>Utilizzo di Google Fonts<\/h2>\n<p>Utilizziamo Google Fonts per visualizzare i caratteri sul nostro sito web. Google Fonts \u00e8 un servizio di Google Inc. (&#8220;Google&#8221;). L&#8217;utilizzo di Google Fonts implica una connessione ai server di Google, il che significa che Google pu\u00f2 raccogliere informazioni come il tuo indirizzo IP e le pagine del nostro sito che visiti. Per ulteriori informazioni su come Google tratta i tuoi dati, si prega di consultare l&#8217;informativa sulla privacy di Google.<\/p>\n<h2>Utilizzo di Google Maps<\/h2>\n<p>Utilizziamo Google Maps per visualizzare le mappe e creare itinerari sul nostro sito web. Google Maps \u00e8 un servizio di Google Inc. (&#8220;Google&#8221;). L&#8217;utilizzo di Google Maps implica una connessione ai server di Google, il che significa che Google pu\u00f2 raccogliere informazioni come il tuo indirizzo IP e le pagine del nostro sito che visiti. Per ulteriori informazioni su come Google tratta i tuoi dati, si prega di consultare l&#8217;informativa sulla privacy di Google.<\/p>\n<h2>Utilizzo di Google reCAPTCHA<\/h2>\n<p>Utilizziamo Google reCAPTCHA per verificare se i dati inseriti sul nostro sito web (ad esempio, in un modulo di contatto) sono stati inseriti da un essere umano o da un programma automatizzato. Google reCAPTCHA \u00e8 un servizio di Google Inc. (&#8220;Google&#8221;). L&#8217;utilizzo di Google reCAPTCHA implica una connessione ai server di Google, il che significa che Google pu\u00f2 raccogliere informazioni come il tuo indirizzo IP e le pagine del nostro sito che visiti. Per ulteriori informazioni su come Google tratta i tuoi dati, si prega di consultare l&#8217;informativa sulla privacy di Google.<\/p>\n<h2>Utilizzo di Matomo<\/h2>\n<p>Utilizziamo Matomo per analizzare il traffico sul nostro sito web e migliorare l&#8217;esperienza dell&#8217;utente. Matomo \u00e8 un software di analisi web open source che raccoglie dati come il tuo indirizzo IP, le pagine che visiti, la durata della tua visita e le azioni che effettui sul nostro sito. Abbiamo configurato Matomo per anonimizzare il tuo indirizzo IP e non condividere i tuoi dati con terzi. Puoi disattivare il tracciamento di Matomo modificando le impostazioni del tuo browser per bloccare i cookie dal nostro sito.<\/p>\n<h2>I tuoi diritti<\/h2>\n<p>Hai il diritto di richiedere l&#8217;accesso, la rettifica, la cancellazione o la limitazione del trattamento dei tuoi dati personali. Hai anche il diritto di opporti al trattamento dei tuoi dati personali e il diritto alla portabilit\u00e0 dei tuoi dati.<\/p>\n<p>Se desideri esercitare uno di questi diritti, ti preghiamo di contattarci utilizzando le informazioni fornite sul nostro sito web.<\/p>\n<h2>Informativa sulla privacy relativa all&#8217;uso di Google Analytics<\/h2>\n<p>Questo sito web utilizza Google Analytics, un servizio di analisi web fornito da Google Inc. (&#8220;Google&#8221;). Google Analytics utilizza dei &#8220;cookie&#8221;, ovvero file di testo che vengono depositati sul tuo computer e che consentono di analizzare il tuo utilizzo del sito web. Le informazioni generate dai cookie riguardanti il tuo utilizzo di questo sito web vengono generalmente trasmesse a un server di Google negli Stati Uniti, dove vengono conservate. Se la funzione di anonimizzazione dell&#8217;indirizzo IP \u00e8 attivata su questo sito web, il tuo indirizzo IP sar\u00e0 tuttavia abbreviato da Google all&#8217;interno degli stati membri dell&#8217;Unione Europea e in altri stati contraenti l&#8217;Accordo sullo Spazio Economico Europeo.<\/p>\n<p>Solo in casi eccezionali l&#8217;indirizzo IP completo viene trasmesso a un server di Google negli Stati Uniti e l\u00ec abbreviato. Google utilizzer\u00e0 queste informazioni allo scopo di valutare il tuo utilizzo del sito web, compilare report sulle attivit\u00e0 del sito web per gli operatori del sito web e fornire altri servizi relativi all&#8217;uso del sito web e di Internet in generale. Google pu\u00f2 anche trasmettere queste informazioni a terzi ove richiesto dalla legge o laddove tali terzi trattino le suddette informazioni per conto di Google. L&#8217;indirizzo IP trasmesso dal tuo browser nell&#8217;ambito di Google Analytics non sar\u00e0 associato ad altri dati di Google.<\/p>\n<p>Puoi impedire l&#8217;installazione dei cookie modificando le impostazioni del tuo browser; tuttavia, ti facciamo presente che in questo caso potresti non essere in grado di utilizzare appieno tutte le funzioni di questo sito web. Utilizzando questo sito web, acconsenti espressamente al trattamento dei tuoi dati personali da parte di Google nelle modalit\u00e0 e per le finalit\u00e0 sopra indicate.<\/p>\n<h2>Conservazione dei dati<\/h2>\n<p>Conserveremo i tuoi dati personali per il tempo necessario a fornire i nostri servizi, adempiere agli obblighi legali, risolvere controversie e proteggere i nostri diritti e le nostre propriet\u00e0.<\/p>\n<h2>Sicurezza dei dati<\/h2>\n<p>Adottiamo misure tecniche e organizzative adeguate per proteggere i tuoi dati personali dalla perdita, dall&#8217;accesso non autorizzato, dalla divulgazione, dalla modifica o dalla distruzione non autorizzate.<\/p>\n<h2>Modifiche a questa informativa sulla privacy<\/h2>\n<p>Ci riserviamo il diritto di modificare questa informativa sulla privacy in qualsiasi momento. Le modifiche saranno pubblicate sul nostro sito web e avranno effetto immediatamente dopo la loro pubblicazione. Ti consigliamo quindi di consultare regolarmente il nostro sito web per essere informato su eventuali modifiche.<\/p>\n<h2>Contatto<\/h2>\n<p>Per qualsiasi domanda o richiesta riguardante questa informativa sulla privacy o il trattamento dei tuoi dati personali, ti preghiamo di contattarci utilizzando i contatti forniti sul nostro sito web.<\/p>\n<p>Utilizzando il nostro sito web, acconsenti al trattamento dei tuoi dati personali come descritto in questa informativa sulla privacy.<\/p>\n<\/div><\/section><\/p><\/div>\n","protected":false},"excerpt":{"rendered":"","protected":false},"author":1,"featured_media":0,"parent":0,"menu_order":0,"comment_status":"closed","ping_status":"closed","template":"","meta":{"_acf_changed":false,"footnotes":""},"class_list":["post-9142","page","type-page","status-publish","hentry"],"acf":[],"yoast_head":"<!-- This site is optimized with the Yoast SEO plugin v24.9 - https:\/\/yoast.com\/wordpress\/plugins\/seo\/ -->\n<title>Informativa sulla privacy - swisNot - Le r\u00e9seau notarial suisse<\/title>\n<meta name=\"description\" content=\"swisNot, le r\u00e9seau notarial suisse, votre partenaire en mati\u00e8re juridique et fiscale\" \/>\n<meta name=\"robots\" content=\"index, follow, max-snippet:-1, max-image-preview:large, max-video-preview:-1\" \/>\n<link rel=\"canonical\" href=\"https:\/\/www.swisnot.ch\/it\/informativa-sulla-privacy\/\" \/>\n<meta property=\"og:locale\" content=\"it_IT\" \/>\n<meta property=\"og:type\" content=\"article\" \/>\n<meta property=\"og:title\" content=\"Informativa sulla privacy - swisNot - Le r\u00e9seau notarial suisse\" \/>\n<meta property=\"og:description\" content=\"swisNot, le r\u00e9seau notarial suisse, votre partenaire en mati\u00e8re juridique et fiscale\" \/>\n<meta property=\"og:url\" content=\"https:\/\/www.swisnot.ch\/it\/informativa-sulla-privacy\/\" \/>\n<meta property=\"og:site_name\" content=\"swisNot - Le r\u00e9seau notarial suisse\" \/>\n<meta name=\"twitter:card\" content=\"summary_large_image\" \/>\n<meta name=\"twitter:label1\" content=\"Est. reading time\" \/>\n\t<meta name=\"twitter:data1\" content=\"7 minutes\" \/>\n<script type=\"application\/ld+json\" class=\"yoast-schema-graph\">{\"@context\":\"https:\/\/schema.org\",\"@graph\":[{\"@type\":\"WebPage\",\"@id\":\"https:\/\/www.swisnot.ch\/it\/informativa-sulla-privacy\/\",\"url\":\"https:\/\/www.swisnot.ch\/it\/informativa-sulla-privacy\/\",\"name\":\"Informativa sulla privacy - swisNot - Le r\u00e9seau notarial suisse\",\"isPartOf\":{\"@id\":\"https:\/\/www.swisnot.ch\/it\/#website\"},\"datePublished\":\"2023-08-30T08:29:11+00:00\",\"description\":\"swisNot, le r\u00e9seau notarial suisse, votre partenaire en mati\u00e8re juridique et fiscale\",\"breadcrumb\":{\"@id\":\"https:\/\/www.swisnot.ch\/it\/informativa-sulla-privacy\/#breadcrumb\"},\"inLanguage\":\"it-IT\",\"potentialAction\":[{\"@type\":\"ReadAction\",\"target\":[\"https:\/\/www.swisnot.ch\/it\/informativa-sulla-privacy\/\"]}]},{\"@type\":\"BreadcrumbList\",\"@id\":\"https:\/\/www.swisnot.ch\/it\/informativa-sulla-privacy\/#breadcrumb\",\"itemListElement\":[{\"@type\":\"ListItem\",\"position\":1,\"name\":\"Accueil\",\"item\":\"https:\/\/www.swisnot.ch\/it\/home\/\"},{\"@type\":\"ListItem\",\"position\":2,\"name\":\"Informativa sulla privacy\"}]},{\"@type\":\"WebSite\",\"@id\":\"https:\/\/www.swisnot.ch\/it\/#website\",\"url\":\"https:\/\/www.swisnot.ch\/it\/\",\"name\":\"swisNot - Le r\u00e9seau notarial suisse\",\"description\":\"Votre partenaire en mati\u00e8re juridique et fiscale\",\"potentialAction\":[{\"@type\":\"SearchAction\",\"target\":{\"@type\":\"EntryPoint\",\"urlTemplate\":\"https:\/\/www.swisnot.ch\/it\/?s={search_term_string}\"},\"query-input\":{\"@type\":\"PropertyValueSpecification\",\"valueRequired\":true,\"valueName\":\"search_term_string\"}}],\"inLanguage\":\"it-IT\"}]}<\/script>\n<!-- \/ Yoast SEO plugin. -->","yoast_head_json":{"title":"Informativa sulla privacy - swisNot - Le r\u00e9seau notarial suisse","description":"swisNot, le r\u00e9seau notarial suisse, votre partenaire en mati\u00e8re juridique et fiscale","robots":{"index":"index","follow":"follow","max-snippet":"max-snippet:-1","max-image-preview":"max-image-preview:large","max-video-preview":"max-video-preview:-1"},"canonical":"https:\/\/www.swisnot.ch\/it\/informativa-sulla-privacy\/","og_locale":"it_IT","og_type":"article","og_title":"Informativa sulla privacy - swisNot - Le r\u00e9seau notarial suisse","og_description":"swisNot, le r\u00e9seau notarial suisse, votre partenaire en mati\u00e8re juridique et fiscale","og_url":"https:\/\/www.swisnot.ch\/it\/informativa-sulla-privacy\/","og_site_name":"swisNot - Le r\u00e9seau notarial suisse","twitter_card":"summary_large_image","twitter_misc":{"Est. reading time":"7 minutes"},"schema":{"@context":"https:\/\/schema.org","@graph":[{"@type":"WebPage","@id":"https:\/\/www.swisnot.ch\/it\/informativa-sulla-privacy\/","url":"https:\/\/www.swisnot.ch\/it\/informativa-sulla-privacy\/","name":"Informativa sulla privacy - swisNot - Le r\u00e9seau notarial suisse","isPartOf":{"@id":"https:\/\/www.swisnot.ch\/it\/#website"},"datePublished":"2023-08-30T08:29:11+00:00","description":"swisNot, le r\u00e9seau notarial suisse, votre partenaire en mati\u00e8re juridique et fiscale","breadcrumb":{"@id":"https:\/\/www.swisnot.ch\/it\/informativa-sulla-privacy\/#breadcrumb"},"inLanguage":"it-IT","potentialAction":[{"@type":"ReadAction","target":["https:\/\/www.swisnot.ch\/it\/informativa-sulla-privacy\/"]}]},{"@type":"BreadcrumbList","@id":"https:\/\/www.swisnot.ch\/it\/informativa-sulla-privacy\/#breadcrumb","itemListElement":[{"@type":"ListItem","position":1,"name":"Accueil","item":"https:\/\/www.swisnot.ch\/it\/home\/"},{"@type":"ListItem","position":2,"name":"Informativa sulla privacy"}]},{"@type":"WebSite","@id":"https:\/\/www.swisnot.ch\/it\/#website","url":"https:\/\/www.swisnot.ch\/it\/","name":"swisNot - Le r\u00e9seau notarial suisse","description":"Votre partenaire en mati\u00e8re juridique et fiscale","potentialAction":[{"@type":"SearchAction","target":{"@type":"EntryPoint","urlTemplate":"https:\/\/www.swisnot.ch\/it\/?s={search_term_string}"},"query-input":{"@type":"PropertyValueSpecification","valueRequired":true,"valueName":"search_term_string"}}],"inLanguage":"it-IT"}]}},"_links":{"self":[{"href":"https:\/\/www.swisnot.ch\/it\/wp-json\/wp\/v2\/pages\/9142","targetHints":{"allow":["GET"]}}],"collection":[{"href":"https:\/\/www.swisnot.ch\/it\/wp-json\/wp\/v2\/pages"}],"about":[{"href":"https:\/\/www.swisnot.ch\/it\/wp-json\/wp\/v2\/types\/page"}],"author":[{"embeddable":true,"href":"https:\/\/www.swisnot.ch\/it\/wp-json\/wp\/v2\/users\/1"}],"replies":[{"embeddable":true,"href":"https:\/\/www.swisnot.ch\/it\/wp-json\/wp\/v2\/comments?post=9142"}],"version-history":[{"count":2,"href":"https:\/\/www.swisnot.ch\/it\/wp-json\/wp\/v2\/pages\/9142\/revisions"}],"predecessor-version":[{"id":9144,"href":"https:\/\/www.swisnot.ch\/it\/wp-json\/wp\/v2\/pages\/9142\/revisions\/9144"}],"wp:attachment":[{"href":"https:\/\/www.swisnot.ch\/it\/wp-json\/wp\/v2\/media?parent=9142"}],"curies":[{"name":"wp","href":"https:\/\/api.w.org\/{rel}","templated":true}]}}