{"id":9127,"date":"2023-08-30T09:07:55","date_gmt":"2023-08-30T08:07:55","guid":{"rendered":"https:\/\/www.swisnot.ch\/?page_id=9127"},"modified":"2023-08-30T09:07:55","modified_gmt":"2023-08-30T08:07:55","slug":"privacy-policy","status":"publish","type":"page","link":"https:\/\/www.swisnot.ch\/en\/privacy-policy\/","title":{"rendered":"Privacy policy"},"content":{"rendered":"<div id='av_section_1'  class='avia-section av-4kih77-0191089bdf53a8f31914ff49c27900af main_color avia-section-default avia-no-border-styling  avia-builder-el-0  avia-builder-el-no-sibling  avia-bg-style-scroll container_wrap fullsize'  ><div class='container av-section-cont-open' ><main  role=\"main\" itemprop=\"mainContentOfPage\"  class='template-page content  av-content-full alpha units'><div class='post-entry post-entry-type-page post-entry-9127'><div class='entry-content-wrapper clearfix'>\n\n<style type=\"text\/css\" data-created_by=\"avia_inline_auto\" id=\"style-css-av-21xdib-098aab059422e738a8b61c8d5924ae9b\">\n.flex_column.av-21xdib-098aab059422e738a8b61c8d5924ae9b{\nborder-radius:0px 0px 0px 0px;\npadding:0px 0px 0px 0px;\n}\n<\/style>\n<div  class='flex_column av-21xdib-098aab059422e738a8b61c8d5924ae9b av_one_full  avia-builder-el-1  avia-builder-el-no-sibling  first flex_column_div av-zero-column-padding  '     ><p>\n<style type=\"text\/css\" data-created_by=\"avia_inline_auto\" id=\"style-css-av-llxf32gu-ea26d4e89a952bf4ee113606d293f4ac\">\n#top .av-special-heading.av-llxf32gu-ea26d4e89a952bf4ee113606d293f4ac{\npadding-bottom:10px;\n}\nbody .av-special-heading.av-llxf32gu-ea26d4e89a952bf4ee113606d293f4ac .av-special-heading-tag .heading-char{\nfont-size:25px;\n}\n.av-special-heading.av-llxf32gu-ea26d4e89a952bf4ee113606d293f4ac .av-subheading{\nfont-size:15px;\n}\n<\/style>\n<div  class='av-special-heading av-llxf32gu-ea26d4e89a952bf4ee113606d293f4ac av-special-heading-h1 blockquote modern-quote  avia-builder-el-2  el_before_av_textblock  avia-builder-el-first '><h1 class='av-special-heading-tag '  itemprop=\"headline\"  >Privacy policy<\/h1><div class=\"special-heading-border\"><div class=\"special-heading-inner-border\"><\/div><\/div><\/div><br \/>\n<section  class='av_textblock_section av-llxfvw8n-2ef08ccbd2b527f431f2c260f323bcad '   itemscope=\"itemscope\" itemtype=\"https:\/\/schema.org\/CreativeWork\" ><div class='avia_textblock'  itemprop=\"text\" ><h2>Data Protection<\/h2>\n<p>In accordance with Article 13 of the Swiss Federal Constitution and the federal data protection provisions (Data Protection Act, DPA), every person is entitled to the protection of their private sphere as well as protection against the misuse of their personal data. We respect these provisions. Personal data is treated as strictly confidential and is neither sold nor passed on to third parties.<\/p>\n<p>In close collaboration with our hosting providers, we make every effort to protect the databases as much as possible against third-party access, losses, misuse, or falsification.<\/p>\n<p>When accessing our websites, the following data is stored in log files: IP address, date, time, browser request, and general information transmitted about the operating system or browser. This usage data forms the basis for statistical, anonymous evaluations so that trends can be identified, with which we can improve our offers accordingly.<\/p>\n<h2>Collection and Processing of Personal Data<\/h2>\n<p>When you use our services, especially by filling out contact forms or creating SA or SARL on our website, we collect and process the personal data that you provide, such as your first name, last name, address, place of origin, phone number, email address, and other information related to your request.<\/p>\n<p>We use this data to process your requests, provide our services, communicate with you, and, if necessary, bill our services.<\/p>\n<p>Your personal data will not be shared with third parties unless it is necessary to provide our services, comply with legal obligations, or protect our rights and property.<\/p>\n<h2>Use of Google Fonts<\/h2>\n<p>We use Google Fonts for the display of fonts on our website. Google Fonts is a service of Google Inc. (&#8220;Google&#8221;). The use of Google Fonts involves a connection to Google&#8217;s servers, which means that Google may collect information such as your IP address and the pages of our site that you visit. For more information on how Google processes your data, please refer to Google&#8217;s privacy policy.<\/p>\n<h2>Use of Google Maps<\/h2>\n<p>We use Google Maps for the display of maps and the creation of routes on our website. Google Maps is a service of Google Inc. (&#8220;Google&#8221;). The use of Google Maps involves a connection to Google&#8217;s servers, which means that Google may collect information such as your IP address and the pages of our site that you visit. For more information on how Google processes your data, please refer to Google&#8217;s privacy policy.<\/p>\n<h2>Use of Google reCAPTCHA<\/h2>\n<p>We use Google reCAPTCHA to verify whether the data entered on our website (for example, in a contact form) has been entered by a human or by an automated program. Google reCAPTCHA is a service of Google Inc. (&#8220;Google&#8221;). The use of Google reCAPTCHA involves a connection to Google&#8217;s servers, which means that Google may collect information such as your IP address and the pages of our site that you visit. For more information on how Google processes your data, please refer to Google&#8217;s privacy policy.<\/p>\n<h2>Use of Matomo<\/h2>\n<p>We use Matomo to analyze the traffic on our website and improve the user experience. Matomo is an open-source web analytics software that collects data such as your IP address, the pages you visit, the duration of your visit, and the actions you perform on our site. We have configured Matomo to anonymize your IP address and not share your data with third parties. You can deactivate tracking by Matomo by changing your browser settings to block cookies from our site.<\/p>\n<h2>Your Rights<\/h2>\n<p>You have the right to request access, rectification, deletion, or limitation of the processing of your personal data. You also have the right to object to the processing of your personal data and the right to data portability.<\/p>\n<p>If you wish to exercise any of these rights, please contact us using the contact details provided on our website.<\/p>\n<h2>Privacy Statement Regarding the Use of Google Analytics<\/h2>\n<p>This website uses Google Analytics, a web analytics service provided by Google Inc. (&#8220;Google&#8221;). Google Analytics uses &#8220;cookies&#8221;, which are text files placed on your computer, to help analyze how you use the website. The information generated by the cookies about your use of this website is generally transmitted to a Google server in the United States, where it is stored. If the IP anonymization function is activated on this website, your IP address will, however, be truncated beforehand by Google within the member states of the European Union or in other contracting states to the Agreement on the European Economic Area.<\/p>\n<p>Only in exceptional cases is the complete IP address transmitted to a Google server in the United States and shortened there. Google will use this information for the purpose of evaluating your use of the website, compiling reports on website activity for website operators, and providing other services related to website activity and internet usage. Google may also transfer this information to third parties where required to do so by law, or where such third parties process the information on Google&#8217;s behalf. The IP address transmitted by your browser as part of Google Analytics will not be merged with other Google data.<\/p>\n<p>You can prevent the installation of cookies by adjusting your browser settings; however, we would like to point out that in this case, you may not be able to use all functions of this website to their full extent. By using this website, you expressly consent to the processing of the data collected about you by Google in the manner and for the purposes described above.<\/p>\n<h2>Data Retention<\/h2>\n<p>We retain your personal data as long as necessary to provide our services, comply with legal obligations, resolve disputes, and protect our rights and property.<\/p>\n<h2>Data Security<\/h2>\n<p>We implement appropriate technical and organizational measures to protect your personal data against loss, unauthorized access, disclosure, alteration, or unauthorized destruction.<\/p>\n<h2>Changes to This Privacy Policy<\/h2>\n<p>We reserve the right to change this privacy policy at any time. Changes will be published on our website and will take effect as soon as they are published. It is therefore advisable to visit our website regularly to be informed about any changes.<\/p>\n<h2>Contact<\/h2>\n<p>For any questions or requests regarding this privacy policy or the processing of your personal data, please contact us using the contact details provided on our website.<\/p>\n<p>By using our website, you consent to the processing of your personal data as described in this privacy policy.<\/p>\n<\/div><\/section><\/p><\/div>\n","protected":false},"excerpt":{"rendered":"","protected":false},"author":1,"featured_media":0,"parent":0,"menu_order":0,"comment_status":"closed","ping_status":"closed","template":"","meta":{"_acf_changed":false,"footnotes":""},"class_list":["post-9127","page","type-page","status-publish","hentry"],"acf":[],"yoast_head":"<!-- This site is optimized with the Yoast SEO plugin v24.9 - https:\/\/yoast.com\/wordpress\/plugins\/seo\/ -->\n<title>Privacy policy - swisNot - Le r\u00e9seau notarial suisse<\/title>\n<meta name=\"description\" content=\"swisNot, le r\u00e9seau notarial suisse, votre partenaire en mati\u00e8re juridique et fiscale\" \/>\n<meta name=\"robots\" content=\"noindex, follow\" \/>\n<meta property=\"og:locale\" content=\"en_US\" \/>\n<meta property=\"og:type\" content=\"article\" \/>\n<meta property=\"og:title\" content=\"Privacy policy - swisNot - Le r\u00e9seau notarial suisse\" \/>\n<meta property=\"og:description\" content=\"swisNot, le r\u00e9seau notarial suisse, votre partenaire en mati\u00e8re juridique et fiscale\" \/>\n<meta property=\"og:url\" content=\"https:\/\/www.swisnot.ch\/en\/privacy-policy\/\" \/>\n<meta property=\"og:site_name\" content=\"swisNot - Le r\u00e9seau notarial suisse\" \/>\n<meta name=\"twitter:card\" content=\"summary_large_image\" \/>\n<meta name=\"twitter:label1\" content=\"Est. reading time\" \/>\n\t<meta name=\"twitter:data1\" content=\"7 minutes\" \/>\n<script type=\"application\/ld+json\" class=\"yoast-schema-graph\">{\"@context\":\"https:\/\/schema.org\",\"@graph\":[{\"@type\":\"WebPage\",\"@id\":\"https:\/\/www.swisnot.ch\/en\/privacy-policy\/\",\"url\":\"https:\/\/www.swisnot.ch\/en\/privacy-policy\/\",\"name\":\"Privacy policy - swisNot - Le r\u00e9seau notarial suisse\",\"isPartOf\":{\"@id\":\"https:\/\/www.swisnot.ch\/en\/#website\"},\"datePublished\":\"2023-08-30T08:07:55+00:00\",\"description\":\"swisNot, le r\u00e9seau notarial suisse, votre partenaire en mati\u00e8re juridique et fiscale\",\"breadcrumb\":{\"@id\":\"https:\/\/www.swisnot.ch\/en\/privacy-policy\/#breadcrumb\"},\"inLanguage\":\"en-US\",\"potentialAction\":[{\"@type\":\"ReadAction\",\"target\":[\"https:\/\/www.swisnot.ch\/en\/privacy-policy\/\"]}]},{\"@type\":\"BreadcrumbList\",\"@id\":\"https:\/\/www.swisnot.ch\/en\/privacy-policy\/#breadcrumb\",\"itemListElement\":[{\"@type\":\"ListItem\",\"position\":1,\"name\":\"Accueil\",\"item\":\"https:\/\/www.swisnot.ch\/en\/home\/\"},{\"@type\":\"ListItem\",\"position\":2,\"name\":\"Privacy policy\"}]},{\"@type\":\"WebSite\",\"@id\":\"https:\/\/www.swisnot.ch\/en\/#website\",\"url\":\"https:\/\/www.swisnot.ch\/en\/\",\"name\":\"swisNot - Le r\u00e9seau notarial suisse\",\"description\":\"Votre partenaire en mati\u00e8re juridique et fiscale\",\"potentialAction\":[{\"@type\":\"SearchAction\",\"target\":{\"@type\":\"EntryPoint\",\"urlTemplate\":\"https:\/\/www.swisnot.ch\/en\/?s={search_term_string}\"},\"query-input\":{\"@type\":\"PropertyValueSpecification\",\"valueRequired\":true,\"valueName\":\"search_term_string\"}}],\"inLanguage\":\"en-US\"}]}<\/script>\n<!-- \/ Yoast SEO plugin. -->","yoast_head_json":{"title":"Privacy policy - swisNot - Le r\u00e9seau notarial suisse","description":"swisNot, le r\u00e9seau notarial suisse, votre partenaire en mati\u00e8re juridique et fiscale","robots":{"index":"noindex","follow":"follow"},"og_locale":"en_US","og_type":"article","og_title":"Privacy policy - swisNot - Le r\u00e9seau notarial suisse","og_description":"swisNot, le r\u00e9seau notarial suisse, votre partenaire en mati\u00e8re juridique et fiscale","og_url":"https:\/\/www.swisnot.ch\/en\/privacy-policy\/","og_site_name":"swisNot - Le r\u00e9seau notarial suisse","twitter_card":"summary_large_image","twitter_misc":{"Est. reading time":"7 minutes"},"schema":{"@context":"https:\/\/schema.org","@graph":[{"@type":"WebPage","@id":"https:\/\/www.swisnot.ch\/en\/privacy-policy\/","url":"https:\/\/www.swisnot.ch\/en\/privacy-policy\/","name":"Privacy policy - swisNot - Le r\u00e9seau notarial suisse","isPartOf":{"@id":"https:\/\/www.swisnot.ch\/en\/#website"},"datePublished":"2023-08-30T08:07:55+00:00","description":"swisNot, le r\u00e9seau notarial suisse, votre partenaire en mati\u00e8re juridique et fiscale","breadcrumb":{"@id":"https:\/\/www.swisnot.ch\/en\/privacy-policy\/#breadcrumb"},"inLanguage":"en-US","potentialAction":[{"@type":"ReadAction","target":["https:\/\/www.swisnot.ch\/en\/privacy-policy\/"]}]},{"@type":"BreadcrumbList","@id":"https:\/\/www.swisnot.ch\/en\/privacy-policy\/#breadcrumb","itemListElement":[{"@type":"ListItem","position":1,"name":"Accueil","item":"https:\/\/www.swisnot.ch\/en\/home\/"},{"@type":"ListItem","position":2,"name":"Privacy policy"}]},{"@type":"WebSite","@id":"https:\/\/www.swisnot.ch\/en\/#website","url":"https:\/\/www.swisnot.ch\/en\/","name":"swisNot - Le r\u00e9seau notarial suisse","description":"Votre partenaire en mati\u00e8re juridique et fiscale","potentialAction":[{"@type":"SearchAction","target":{"@type":"EntryPoint","urlTemplate":"https:\/\/www.swisnot.ch\/en\/?s={search_term_string}"},"query-input":{"@type":"PropertyValueSpecification","valueRequired":true,"valueName":"search_term_string"}}],"inLanguage":"en-US"}]}},"_links":{"self":[{"href":"https:\/\/www.swisnot.ch\/en\/wp-json\/wp\/v2\/pages\/9127","targetHints":{"allow":["GET"]}}],"collection":[{"href":"https:\/\/www.swisnot.ch\/en\/wp-json\/wp\/v2\/pages"}],"about":[{"href":"https:\/\/www.swisnot.ch\/en\/wp-json\/wp\/v2\/types\/page"}],"author":[{"embeddable":true,"href":"https:\/\/www.swisnot.ch\/en\/wp-json\/wp\/v2\/users\/1"}],"replies":[{"embeddable":true,"href":"https:\/\/www.swisnot.ch\/en\/wp-json\/wp\/v2\/comments?post=9127"}],"version-history":[{"count":2,"href":"https:\/\/www.swisnot.ch\/en\/wp-json\/wp\/v2\/pages\/9127\/revisions"}],"predecessor-version":[{"id":9129,"href":"https:\/\/www.swisnot.ch\/en\/wp-json\/wp\/v2\/pages\/9127\/revisions\/9129"}],"wp:attachment":[{"href":"https:\/\/www.swisnot.ch\/en\/wp-json\/wp\/v2\/media?parent=9127"}],"curies":[{"name":"wp","href":"https:\/\/api.w.org\/{rel}","templated":true}]}}