{"id":6766,"date":"2021-05-26T14:00:15","date_gmt":"2021-05-26T13:00:15","guid":{"rendered":"https:\/\/swisnot.trisdemo.ch\/creer-sa-s-a-ou-sarl-avec-swisnot\/"},"modified":"2021-06-03T10:50:56","modified_gmt":"2021-06-03T09:50:56","slug":"incorporate-your-company-with-swisnot","status":"publish","type":"page","link":"https:\/\/www.swisnot.ch\/en\/incorporate-your-company-with-swisnot\/","title":{"rendered":"Incorporate your company with swisNot"},"content":{"rendered":"<div id='av_section_1'  class='avia-section av-egzmi0-d1f3b37e3f3a96c827e303d3c27f178a main_color avia-section-default avia-no-border-styling  avia-builder-el-0  avia-builder-el-no-sibling  avia-bg-style-scroll container_wrap fullsize'  ><div class='container av-section-cont-open' ><main  role=\"main\" itemprop=\"mainContentOfPage\"  class='template-page content  av-content-full alpha units'><div class='post-entry post-entry-type-page post-entry-6766'><div class='entry-content-wrapper clearfix'>\n\n<style type=\"text\/css\" data-created_by=\"avia_inline_auto\" id=\"style-css-av-21zl88-ec5fb4956a56805c61b2a090b460fe99\">\n.flex_column.av-21zl88-ec5fb4956a56805c61b2a090b460fe99{\nborder-radius:0px 0px 0px 0px;\npadding:0px 0px 0px 0px;\n}\n<\/style>\n<div  class='flex_column av-21zl88-ec5fb4956a56805c61b2a090b460fe99 av_one_full  avia-builder-el-1  el_before_av_one_full  avia-builder-el-first  first flex_column_div av-zero-column-padding  '     ><p>\n<style type=\"text\/css\" data-created_by=\"avia_inline_auto\" id=\"style-css-av-kp580l8k-317f496e15728f43828a984fa67befda\">\n#top .av-special-heading.av-kp580l8k-317f496e15728f43828a984fa67befda{\npadding-bottom:10px;\n}\nbody .av-special-heading.av-kp580l8k-317f496e15728f43828a984fa67befda .av-special-heading-tag .heading-char{\nfont-size:25px;\n}\n.av-special-heading.av-kp580l8k-317f496e15728f43828a984fa67befda .av-subheading{\nfont-size:15px;\n}\n<\/style>\n<div  class='av-special-heading av-kp580l8k-317f496e15728f43828a984fa67befda av-special-heading-h1 blockquote modern-quote  avia-builder-el-2  el_before_av_textblock  avia-builder-el-first  trs-special-underline'><h1 class='av-special-heading-tag '  itemprop=\"headline\"  >Incorporate your company with swisNot<\/h1><div class=\"special-heading-border\"><div class=\"special-heading-inner-border\"><\/div><\/div><\/div><br \/>\n<section  class='av_textblock_section av-5nheyq-32d554587264bea4915484382799233a '   itemscope=\"itemscope\" itemtype=\"https:\/\/schema.org\/CreativeWork\" ><div class='avia_textblock'  itemprop=\"text\" ><div id=\"content\">\n<div class=\"site_center withbackground\">\n<div id=\"contentwrap\">\n<div class=\"item-page\">\n<div>\n<p>The joint <strong>stock company (AG)<\/strong> and the <strong>limited liability company (GmbHI)<\/strong> are corporations. You need a company name, a base in Switzerland, a company purpose, and have divided capital into shares or equity shares (at nominal value).<\/p>\n<p>The establishment occurs in the form of a public deed, made in front of a notary, although the notary&#8217;s office must not necessarily be located in the city or canton of the seat of the company.<\/p>\n<p>Regardless of his residence and nationality, a founder is needed to establish a company.<\/p>\n<p>The residence and nationality of the directors or managers is also less important. However, the companies must be represented by a person (executive, manager, director) who is domiciled in Switzerland.<\/p>\n<p>AGs can be converted into GmbHs and vice versa.<\/p>\n<p>Your taxation does not depend on your choice of legal form.<\/p>\n<p>The main distinguishing features are the following:<\/p>\n<\/div>\n<\/div>\n<\/div>\n<table class=\"sn_displaytable\" border=\"0\">\n<tbody>\n<tr>\n<td style=\"width: 40%;\"><\/td>\n<td style=\"width: 30%;\"><strong>SA<\/strong><\/td>\n<td style=\"width: 30%;\"><strong>S\u00e0rl<\/strong><\/td>\n<\/tr>\n<tr>\n<td><strong>Minimum nominal amount of capital<\/strong><\/td>\n<td>CHF 100&#8217;000.\u2014<\/td>\n<td>CHF 20&#8217;000.\u2014<\/td>\n<\/tr>\n<tr>\n<td><strong>Minimum payment amount of capital<\/strong><\/td>\n<td>CHF 50&#8217;000.\u2014<\/td>\n<td>CHF 20&#8217;000.\u2014<\/td>\n<\/tr>\n<tr>\n<td><strong>Minimum net worth of shares or share capital<\/strong><\/td>\n<td>CHF 0.01<\/td>\n<td>CHF 100.\u2014<\/td>\n<\/tr>\n<tr>\n<td><strong>Visibility of the actors<\/strong><\/td>\n<td>Anonymity of the shareholders<\/td>\n<td>The partners must be registered<\/td>\n<\/tr>\n<tr>\n<td><strong>Additional contributions<\/strong><\/td>\n<td>Not possible<\/td>\n<td>Possible if required by statute<\/td>\n<\/tr>\n<tr>\n<td><strong>Right of veto<\/strong><\/td>\n<td>Not possible<\/td>\n<td>Possible if required by statute<\/td>\n<\/tr>\n<tr>\n<td><strong><span lang=\"DE\">Remarks<\/span><\/strong><\/td>\n<td>It is primarily a financial investment and an open company.<\/td>\n<td>It is often a company with a personal character (family business). Access may be limited by statutory provisions (right of purchase, right fo first refusal and right of preference).<\/td>\n<\/tr>\n<\/tbody>\n<\/table>\n<\/div>\n<\/div>\n<\/div><\/section><\/p><\/div>\n<style type=\"text\/css\" data-created_by=\"avia_inline_auto\" id=\"style-css-av-os5qq-04ed5d5d13b74f353b4eb17b5e5cc8cc\">\n.flex_column.av-os5qq-04ed5d5d13b74f353b4eb17b5e5cc8cc{\nborder-radius:0px 0px 0px 0px;\npadding:0px 0px 0px 0px;\n}\n<\/style>\n<div  class='flex_column av-os5qq-04ed5d5d13b74f353b4eb17b5e5cc8cc av_one_full  avia-builder-el-4  el_after_av_one_full  avia-builder-el-last  first flex_column_div av-zero-column-padding  column-top-margin'     ><p>\n<style type=\"text\/css\" data-created_by=\"avia_inline_auto\" id=\"style-css-av-4ay5qa-8651e6c786614d6404e538a31db0bc1b\">\n#top .av-special-heading.av-4ay5qa-8651e6c786614d6404e538a31db0bc1b{\npadding-bottom:10px;\n}\nbody .av-special-heading.av-4ay5qa-8651e6c786614d6404e538a31db0bc1b .av-special-heading-tag .heading-char{\nfont-size:25px;\n}\n.av-special-heading.av-4ay5qa-8651e6c786614d6404e538a31db0bc1b .av-subheading{\nfont-size:15px;\n}\n<\/style>\n<div  class='av-special-heading av-4ay5qa-8651e6c786614d6404e538a31db0bc1b av-special-heading-h3 blockquote modern-quote  avia-builder-el-5  el_before_av_textblock  avia-builder-el-first  trs-special-underline'><h3 class='av-special-heading-tag '  itemprop=\"headline\"  >Prepare your AG or GmbHI<\/h3><div class=\"special-heading-border\"><div class=\"special-heading-inner-border\"><\/div><\/div><\/div><br \/>\n<section  class='av_textblock_section av-2n9o1u-568d3a801c4c9876969b2bec85e230d3 '   itemscope=\"itemscope\" itemtype=\"https:\/\/schema.org\/CreativeWork\" ><div class='avia_textblock'  itemprop=\"text\" ><p>Please answer the following questions. Your notary will then contact you to advise you personally.<\/p>\n<\/div><\/section><br \/>\n<\/p><\/div>\n","protected":false},"excerpt":{"rendered":"","protected":false},"author":1,"featured_media":0,"parent":0,"menu_order":0,"comment_status":"closed","ping_status":"closed","template":"","meta":{"_acf_changed":false,"footnotes":""},"class_list":["post-6766","page","type-page","status-publish","hentry"],"acf":[],"yoast_head":"<!-- This site is optimized with the Yoast SEO plugin v24.9 - https:\/\/yoast.com\/wordpress\/plugins\/seo\/ -->\n<title>Incorporate your company with swisNot - swisNot - Le r\u00e9seau notarial suisse<\/title>\n<meta name=\"description\" content=\"swisNot, le r\u00e9seau notarial suisse, votre partenaire en mati\u00e8re juridique et fiscale\" \/>\n<meta name=\"robots\" content=\"index, follow, max-snippet:-1, max-image-preview:large, max-video-preview:-1\" \/>\n<link rel=\"canonical\" href=\"https:\/\/www.swisnot.ch\/en\/incorporate-your-company-with-swisnot\/\" \/>\n<meta property=\"og:locale\" content=\"en_US\" \/>\n<meta property=\"og:type\" content=\"article\" \/>\n<meta property=\"og:title\" content=\"Incorporate your company with swisNot - swisNot - Le r\u00e9seau notarial suisse\" \/>\n<meta property=\"og:description\" content=\"swisNot, le r\u00e9seau notarial suisse, votre partenaire en mati\u00e8re juridique et fiscale\" \/>\n<meta property=\"og:url\" content=\"https:\/\/www.swisnot.ch\/en\/incorporate-your-company-with-swisnot\/\" \/>\n<meta property=\"og:site_name\" content=\"swisNot - Le r\u00e9seau notarial suisse\" \/>\n<meta property=\"article:modified_time\" content=\"2021-06-03T09:50:56+00:00\" \/>\n<meta name=\"twitter:card\" content=\"summary_large_image\" \/>\n<meta name=\"twitter:label1\" content=\"Est. reading time\" \/>\n\t<meta name=\"twitter:data1\" content=\"5 minutes\" \/>\n<script type=\"application\/ld+json\" class=\"yoast-schema-graph\">{\"@context\":\"https:\/\/schema.org\",\"@graph\":[{\"@type\":\"WebPage\",\"@id\":\"https:\/\/www.swisnot.ch\/en\/incorporate-your-company-with-swisnot\/\",\"url\":\"https:\/\/www.swisnot.ch\/en\/incorporate-your-company-with-swisnot\/\",\"name\":\"Incorporate your company with swisNot - swisNot - Le r\u00e9seau notarial suisse\",\"isPartOf\":{\"@id\":\"https:\/\/www.swisnot.ch\/en\/#website\"},\"datePublished\":\"2021-05-26T13:00:15+00:00\",\"dateModified\":\"2021-06-03T09:50:56+00:00\",\"description\":\"swisNot, le r\u00e9seau notarial suisse, votre partenaire en mati\u00e8re juridique et fiscale\",\"breadcrumb\":{\"@id\":\"https:\/\/www.swisnot.ch\/en\/incorporate-your-company-with-swisnot\/#breadcrumb\"},\"inLanguage\":\"en-US\",\"potentialAction\":[{\"@type\":\"ReadAction\",\"target\":[\"https:\/\/www.swisnot.ch\/en\/incorporate-your-company-with-swisnot\/\"]}]},{\"@type\":\"BreadcrumbList\",\"@id\":\"https:\/\/www.swisnot.ch\/en\/incorporate-your-company-with-swisnot\/#breadcrumb\",\"itemListElement\":[{\"@type\":\"ListItem\",\"position\":1,\"name\":\"Accueil\",\"item\":\"https:\/\/www.swisnot.ch\/en\/home\/\"},{\"@type\":\"ListItem\",\"position\":2,\"name\":\"Incorporate your company with swisNot\"}]},{\"@type\":\"WebSite\",\"@id\":\"https:\/\/www.swisnot.ch\/en\/#website\",\"url\":\"https:\/\/www.swisnot.ch\/en\/\",\"name\":\"swisNot - Le r\u00e9seau notarial suisse\",\"description\":\"Votre partenaire en mati\u00e8re juridique et fiscale\",\"potentialAction\":[{\"@type\":\"SearchAction\",\"target\":{\"@type\":\"EntryPoint\",\"urlTemplate\":\"https:\/\/www.swisnot.ch\/en\/?s={search_term_string}\"},\"query-input\":{\"@type\":\"PropertyValueSpecification\",\"valueRequired\":true,\"valueName\":\"search_term_string\"}}],\"inLanguage\":\"en-US\"}]}<\/script>\n<!-- \/ Yoast SEO plugin. -->","yoast_head_json":{"title":"Incorporate your company with swisNot - swisNot - Le r\u00e9seau notarial suisse","description":"swisNot, le r\u00e9seau notarial suisse, votre partenaire en mati\u00e8re juridique et fiscale","robots":{"index":"index","follow":"follow","max-snippet":"max-snippet:-1","max-image-preview":"max-image-preview:large","max-video-preview":"max-video-preview:-1"},"canonical":"https:\/\/www.swisnot.ch\/en\/incorporate-your-company-with-swisnot\/","og_locale":"en_US","og_type":"article","og_title":"Incorporate your company with swisNot - swisNot - Le r\u00e9seau notarial suisse","og_description":"swisNot, le r\u00e9seau notarial suisse, votre partenaire en mati\u00e8re juridique et fiscale","og_url":"https:\/\/www.swisnot.ch\/en\/incorporate-your-company-with-swisnot\/","og_site_name":"swisNot - Le r\u00e9seau notarial suisse","article_modified_time":"2021-06-03T09:50:56+00:00","twitter_card":"summary_large_image","twitter_misc":{"Est. reading time":"5 minutes"},"schema":{"@context":"https:\/\/schema.org","@graph":[{"@type":"WebPage","@id":"https:\/\/www.swisnot.ch\/en\/incorporate-your-company-with-swisnot\/","url":"https:\/\/www.swisnot.ch\/en\/incorporate-your-company-with-swisnot\/","name":"Incorporate your company with swisNot - swisNot - Le r\u00e9seau notarial suisse","isPartOf":{"@id":"https:\/\/www.swisnot.ch\/en\/#website"},"datePublished":"2021-05-26T13:00:15+00:00","dateModified":"2021-06-03T09:50:56+00:00","description":"swisNot, le r\u00e9seau notarial suisse, votre partenaire en mati\u00e8re juridique et fiscale","breadcrumb":{"@id":"https:\/\/www.swisnot.ch\/en\/incorporate-your-company-with-swisnot\/#breadcrumb"},"inLanguage":"en-US","potentialAction":[{"@type":"ReadAction","target":["https:\/\/www.swisnot.ch\/en\/incorporate-your-company-with-swisnot\/"]}]},{"@type":"BreadcrumbList","@id":"https:\/\/www.swisnot.ch\/en\/incorporate-your-company-with-swisnot\/#breadcrumb","itemListElement":[{"@type":"ListItem","position":1,"name":"Accueil","item":"https:\/\/www.swisnot.ch\/en\/home\/"},{"@type":"ListItem","position":2,"name":"Incorporate your company with swisNot"}]},{"@type":"WebSite","@id":"https:\/\/www.swisnot.ch\/en\/#website","url":"https:\/\/www.swisnot.ch\/en\/","name":"swisNot - Le r\u00e9seau notarial suisse","description":"Votre partenaire en mati\u00e8re juridique et fiscale","potentialAction":[{"@type":"SearchAction","target":{"@type":"EntryPoint","urlTemplate":"https:\/\/www.swisnot.ch\/en\/?s={search_term_string}"},"query-input":{"@type":"PropertyValueSpecification","valueRequired":true,"valueName":"search_term_string"}}],"inLanguage":"en-US"}]}},"_links":{"self":[{"href":"https:\/\/www.swisnot.ch\/en\/wp-json\/wp\/v2\/pages\/6766","targetHints":{"allow":["GET"]}}],"collection":[{"href":"https:\/\/www.swisnot.ch\/en\/wp-json\/wp\/v2\/pages"}],"about":[{"href":"https:\/\/www.swisnot.ch\/en\/wp-json\/wp\/v2\/types\/page"}],"author":[{"embeddable":true,"href":"https:\/\/www.swisnot.ch\/en\/wp-json\/wp\/v2\/users\/1"}],"replies":[{"embeddable":true,"href":"https:\/\/www.swisnot.ch\/en\/wp-json\/wp\/v2\/comments?post=6766"}],"version-history":[{"count":3,"href":"https:\/\/www.swisnot.ch\/en\/wp-json\/wp\/v2\/pages\/6766\/revisions"}],"predecessor-version":[{"id":8027,"href":"https:\/\/www.swisnot.ch\/en\/wp-json\/wp\/v2\/pages\/6766\/revisions\/8027"}],"wp:attachment":[{"href":"https:\/\/www.swisnot.ch\/en\/wp-json\/wp\/v2\/media?parent=6766"}],"curies":[{"name":"wp","href":"https:\/\/api.w.org\/{rel}","templated":true}]}}