{"id":4881,"date":"2016-01-09T17:57:15","date_gmt":"2016-01-09T16:57:15","guid":{"rendered":"https:\/\/swisnot.trisdemo.ch\/domaines-activite\/"},"modified":"2021-11-15T15:41:23","modified_gmt":"2021-11-15T14:41:23","slug":"fields","status":"publish","type":"page","link":"https:\/\/www.swisnot.ch\/en\/fields\/","title":{"rendered":"Fields of activity"},"content":{"rendered":"<div id='av_section_1'  class='avia-section av-6xkw0-1d01e1bb5307b920b13ecccba0e10c89 main_color avia-section-default avia-no-border-styling  avia-builder-el-0  avia-builder-el-no-sibling  avia-bg-style-scroll container_wrap fullsize'  ><div class='container av-section-cont-open' ><main  role=\"main\" itemprop=\"mainContentOfPage\"  class='template-page content  av-content-full alpha units'><div class='post-entry post-entry-type-page post-entry-4881'><div class='entry-content-wrapper clearfix'>\n\n<style type=\"text\/css\" data-created_by=\"avia_inline_auto\" id=\"style-css-av-37chio-5c41cb78992c0694e7d0140d3e5f4371\">\n.flex_column.av-37chio-5c41cb78992c0694e7d0140d3e5f4371{\nborder-radius:0px 0px 0px 0px;\npadding:0px 0px 0px 0px;\n}\n<\/style>\n<div  class='flex_column av-37chio-5c41cb78992c0694e7d0140d3e5f4371 av_one_full  avia-builder-el-1  avia-builder-el-no-sibling  first flex_column_div av-zero-column-padding  '     ><p>\n<style type=\"text\/css\" data-created_by=\"avia_inline_auto\" id=\"style-css-av-83eag-ccef3380a3c73d38500d6a32d96de1b5\">\n#top .av-special-heading.av-83eag-ccef3380a3c73d38500d6a32d96de1b5{\npadding-bottom:10px;\n}\nbody .av-special-heading.av-83eag-ccef3380a3c73d38500d6a32d96de1b5 .av-special-heading-tag .heading-char{\nfont-size:25px;\n}\n.av-special-heading.av-83eag-ccef3380a3c73d38500d6a32d96de1b5 .av-subheading{\nfont-size:15px;\n}\n<\/style>\n<div  class='av-special-heading av-83eag-ccef3380a3c73d38500d6a32d96de1b5 av-special-heading-h1 blockquote modern-quote  avia-builder-el-2  el_before_av_portfolio  avia-builder-el-no-sibling  trs-special-underline av-linked-heading'><h1 class='av-special-heading-tag '  itemprop=\"headline\"  >Fields of activity<\/h1><div class=\"special-heading-border\"><div class=\"special-heading-inner-border\"><\/div><\/div><\/div><br \/>\n<div  id=\"av-sc-portfolio-1\"  class=\"av-portfolio-grid-sorting-container\"><div class='sort_width_container  av-sort-yes' data-portfolio-id='1' ><div id='js_sort_items' ><div class='sort_by_cat hidden '><a href=\"#\" data-filter=\"all_sort\" class=\"all_sort_button active_sort\"><span class=\"inner_sort_button\"><span>The whole team<\/span><small class=\"av-cat-count\"> 7 <\/small><\/span><\/a><span class='text-sep domaines-activite-en_sort_sep'>\/<\/span><a href=\"#\" data-filter=\"domaines-activite-en_sort\" class=\"domaines-activite-en_sort_button\" ><span class=\"inner_sort_button\"><span>Domaines d&#8217;activit\u00e9<\/span><small class='av-cat-count'> 7 <\/small><\/span><\/a><\/div><\/div><\/div><div  class='activity_domain_grid grid-sort-container isotope   no_margin-container with-excerpt-container grid-total-odd grid-col-4 grid-links-' data-portfolio-id='1'><div data-ajax-id='4938' class=' grid-entry flex_column isotope-item all_sort no_margin post-entry post-entry-4938 grid-entry-overview grid-loop-1 grid-parity-odd  domaines-activite-en_sort  av_one_fourth first default_av_fullwidth '><article class='main_color inner-entry'  itemscope=\"itemscope\" itemtype=\"https:\/\/schema.org\/CreativeWork\" ><a href='https:\/\/www.swisnot.ch\/en\/domaines\/various-acts\/' title='Various acts'  data-rel='grid-1' class='grid-image avia-hover-fx'> <img decoding=\"async\" fetchpriority=\"high\" width=\"260\" height=\"185\" src=\"https:\/\/www.swisnot.ch\/wp\/wp-content\/uploads\/2021\/05\/Legalisation-swisNot-260x185.jpg\" class=\"wp-image-3539 avia-img-lazy-loading-not-3539 attachment-portfolio_small size-portfolio_small wp-post-image\" alt=\"\" \/><\/a><div class='grid-content'><div class='avia-arrow'><\/div><header class=\"entry-content-header\"><h3 class='grid-entry-title entry-title '  itemprop=\"headline\" ><a href='https:\/\/www.swisnot.ch\/en\/domaines\/various-acts\/' title='Various acts'>Various acts<\/a><\/h3><\/header><\/div><footer class=\"entry-footer\"><\/footer><\/article><\/div><div data-ajax-id='5615' class=' grid-entry flex_column isotope-item all_sort no_margin post-entry post-entry-5615 grid-entry-overview grid-loop-2 grid-parity-even  domaines-activite-en_sort  av_one_fourth  default_av_fullwidth '><article class='main_color inner-entry'  itemscope=\"itemscope\" itemtype=\"https:\/\/schema.org\/CreativeWork\" ><a href='https:\/\/www.swisnot.ch\/en\/domaines\/taxation\/' title='Taxation'  data-rel='grid-1' class='grid-image avia-hover-fx'> <img decoding=\"async\" fetchpriority=\"high\" width=\"260\" height=\"185\" src=\"https:\/\/www.swisnot.ch\/wp\/wp-content\/uploads\/2021\/05\/fiscalite-swisNot-260x185.jpg\" class=\"wp-image-3513 avia-img-lazy-loading-not-3513 attachment-portfolio_small size-portfolio_small wp-post-image\" alt=\"\" \/><\/a><div class='grid-content'><div class='avia-arrow'><\/div><header class=\"entry-content-header\"><h3 class='grid-entry-title entry-title '  itemprop=\"headline\" ><a href='https:\/\/www.swisnot.ch\/en\/domaines\/taxation\/' title='Taxation'>Taxation<\/a><\/h3><\/header><\/div><footer class=\"entry-footer\"><\/footer><\/article><\/div><div data-ajax-id='4920' class=' grid-entry flex_column isotope-item all_sort no_margin post-entry post-entry-4920 grid-entry-overview grid-loop-3 grid-parity-odd  domaines-activite-en_sort  av_one_fourth  default_av_fullwidth '><article class='main_color inner-entry'  itemscope=\"itemscope\" itemtype=\"https:\/\/schema.org\/CreativeWork\" ><a href='https:\/\/www.swisnot.ch\/en\/domaines\/property-law\/' title='Property law'  data-rel='grid-1' class='grid-image avia-hover-fx'> <img decoding=\"async\" fetchpriority=\"high\" width=\"260\" height=\"185\" src=\"https:\/\/www.swisnot.ch\/wp\/wp-content\/uploads\/2021\/05\/Droit-Immobilier-_-swiNot-260x185.jpg\" class=\"wp-image-3452 avia-img-lazy-loading-not-3452 attachment-portfolio_small size-portfolio_small wp-post-image\" alt=\"\" \/><\/a><div class='grid-content'><div class='avia-arrow'><\/div><header class=\"entry-content-header\"><h3 class='grid-entry-title entry-title '  itemprop=\"headline\" ><a href='https:\/\/www.swisnot.ch\/en\/domaines\/property-law\/' title='Property law'>Property law<\/a><\/h3><\/header><\/div><footer class=\"entry-footer\"><\/footer><\/article><\/div><div data-ajax-id='6169' class=' grid-entry flex_column isotope-item all_sort no_margin post-entry post-entry-6169 grid-entry-overview grid-loop-4 grid-parity-even  domaines-activite-en_sort  av_one_fourth  default_av_fullwidth '><article class='main_color inner-entry'  itemscope=\"itemscope\" itemtype=\"https:\/\/schema.org\/CreativeWork\" ><a href='https:\/\/www.swisnot.ch\/en\/domaines\/legal-opinion-legal-tax-advice-and-practices\/' title='Legal opinion, legal, tax advice and practices'  data-rel='grid-1' class='grid-image avia-hover-fx'> <img decoding=\"async\" fetchpriority=\"high\" width=\"260\" height=\"185\" src=\"https:\/\/www.swisnot.ch\/wp\/wp-content\/uploads\/2021\/05\/avis-de-droit-swisNot-260x185.jpg\" class=\"wp-image-3517 avia-img-lazy-loading-not-3517 attachment-portfolio_small size-portfolio_small wp-post-image\" alt=\"\" \/><\/a><div class='grid-content'><div class='avia-arrow'><\/div><header class=\"entry-content-header\"><h3 class='grid-entry-title entry-title '  itemprop=\"headline\" ><a href='https:\/\/www.swisnot.ch\/en\/domaines\/legal-opinion-legal-tax-advice-and-practices\/' title='Legal opinion, legal, tax advice and practices'>Legal opinion, legal, tax advice and practices<\/a><\/h3><\/header><\/div><footer class=\"entry-footer\"><\/footer><\/article><\/div><div data-ajax-id='5543' class=' grid-entry flex_column isotope-item all_sort no_margin post-entry post-entry-5543 grid-entry-overview grid-loop-5 grid-parity-odd  domaines-activite-en_sort  av_one_fourth first default_av_fullwidth '><article class='main_color inner-entry'  itemscope=\"itemscope\" itemtype=\"https:\/\/schema.org\/CreativeWork\" ><a href='https:\/\/www.swisnot.ch\/en\/domaines\/foundations-associations-trusts\/' title='Foundations, associations, trusts'  data-rel='grid-1' class='grid-image avia-hover-fx'> <img decoding=\"async\" fetchpriority=\"high\" width=\"260\" height=\"185\" src=\"https:\/\/www.swisnot.ch\/wp\/wp-content\/uploads\/2021\/05\/Fondation-trust-swisNot-260x185.jpg\" class=\"wp-image-3521 avia-img-lazy-loading-not-3521 attachment-portfolio_small size-portfolio_small wp-post-image\" alt=\"\" \/><\/a><div class='grid-content'><div class='avia-arrow'><\/div><header class=\"entry-content-header\"><h3 class='grid-entry-title entry-title '  itemprop=\"headline\" ><a href='https:\/\/www.swisnot.ch\/en\/domaines\/foundations-associations-trusts\/' title='Foundations, associations, trusts'>Foundations, associations, trusts<\/a><\/h3><\/header><\/div><footer class=\"entry-footer\"><\/footer><\/article><\/div><div data-ajax-id='4859' class=' grid-entry flex_column isotope-item all_sort no_margin post-entry post-entry-4859 grid-entry-overview grid-loop-6 grid-parity-even  domaines-activite-en_sort  av_one_fourth  default_av_fullwidth '><article class='main_color inner-entry'  itemscope=\"itemscope\" itemtype=\"https:\/\/schema.org\/CreativeWork\" ><a href='https:\/\/www.swisnot.ch\/en\/domaines\/family-and-inheritance-law\/' title='Family and inheritance law'  data-rel='grid-1' class='grid-image avia-hover-fx'> <img decoding=\"async\" fetchpriority=\"high\" width=\"260\" height=\"185\" src=\"https:\/\/www.swisnot.ch\/wp\/wp-content\/uploads\/2021\/05\/Droit-de-la-Famille-et-des-successions-swisNot-260x185.jpg\" class=\"wp-image-4639 avia-img-lazy-loading-not-4639 attachment-portfolio_small size-portfolio_small wp-post-image\" alt=\"\" \/><\/a><div class='grid-content'><div class='avia-arrow'><\/div><header class=\"entry-content-header\"><h3 class='grid-entry-title entry-title '  itemprop=\"headline\" ><a href='https:\/\/www.swisnot.ch\/en\/domaines\/family-and-inheritance-law\/' title='Family and inheritance law'>Family and inheritance law<\/a><\/h3><\/header><\/div><footer class=\"entry-footer\"><\/footer><\/article><\/div><div data-ajax-id='5360' class=' grid-entry flex_column isotope-item all_sort no_margin post-entry post-entry-5360 grid-entry-overview grid-loop-7 grid-parity-odd  post-entry-last  domaines-activite-en_sort  av_one_fourth  default_av_fullwidth '><article class='main_color inner-entry'  itemscope=\"itemscope\" itemtype=\"https:\/\/schema.org\/CreativeWork\" ><a href='https:\/\/www.swisnot.ch\/en\/domaines\/company-law\/' title='Company law'  data-rel='grid-1' class='grid-image avia-hover-fx'> <img decoding=\"async\" fetchpriority=\"high\" width=\"260\" height=\"185\" src=\"https:\/\/www.swisnot.ch\/wp\/wp-content\/uploads\/2021\/05\/droit-des-societe-swisNot-260x185.jpg\" class=\"wp-image-3557 avia-img-lazy-loading-not-3557 attachment-portfolio_small size-portfolio_small wp-post-image\" alt=\"\" \/><\/a><div class='grid-content'><div class='avia-arrow'><\/div><header class=\"entry-content-header\"><h3 class='grid-entry-title entry-title '  itemprop=\"headline\" ><a href='https:\/\/www.swisnot.ch\/en\/domaines\/company-law\/' title='Company law'>Company law<\/a><\/h3><\/header><\/div><footer class=\"entry-footer\"><\/footer><\/article><\/div><\/div><\/div>   <!--   class=\"av-portfolio-grid-sorting-container\"  --><div class='pagination-wrap  '><nav class='pagination'><span class='pagination-meta'>Page 1 of 0<\/span><\/nav>\n<\/div><\/p><\/div>\n","protected":false},"excerpt":{"rendered":"","protected":false},"author":1,"featured_media":0,"parent":0,"menu_order":0,"comment_status":"closed","ping_status":"closed","template":"","meta":{"_acf_changed":false,"footnotes":""},"class_list":["post-4881","page","type-page","status-publish","hentry"],"acf":[],"yoast_head":"<!-- This site is optimized with the Yoast SEO plugin v24.9 - https:\/\/yoast.com\/wordpress\/plugins\/seo\/ -->\n<title>Nos Prestations - swisNot - Le r\u00e9seau notarial suisse<\/title>\n<meta name=\"description\" content=\"swisNot, le r\u00e9seau notarial suisse, votre partenaire en mati\u00e8re juridique et fiscale\" \/>\n<meta name=\"robots\" content=\"index, follow, max-snippet:-1, max-image-preview:large, max-video-preview:-1\" \/>\n<link rel=\"canonical\" href=\"https:\/\/www.swisnot.ch\/en\/fields\/\" \/>\n<meta property=\"og:locale\" content=\"en_US\" \/>\n<meta property=\"og:type\" content=\"article\" \/>\n<meta property=\"og:title\" content=\"Nos Prestations - swisNot - Le r\u00e9seau notarial suisse\" \/>\n<meta property=\"og:description\" content=\"swisNot, le r\u00e9seau notarial suisse, votre partenaire en mati\u00e8re juridique et fiscale\" \/>\n<meta property=\"og:url\" content=\"https:\/\/www.swisnot.ch\/en\/fields\/\" \/>\n<meta property=\"og:site_name\" content=\"swisNot - Le r\u00e9seau notarial suisse\" \/>\n<meta property=\"article:modified_time\" content=\"2021-11-15T14:41:23+00:00\" \/>\n<meta name=\"twitter:card\" content=\"summary_large_image\" \/>\n<meta name=\"twitter:label1\" content=\"Est. reading time\" \/>\n\t<meta name=\"twitter:data1\" content=\"2 minutes\" \/>\n<script type=\"application\/ld+json\" class=\"yoast-schema-graph\">{\"@context\":\"https:\/\/schema.org\",\"@graph\":[{\"@type\":\"WebPage\",\"@id\":\"https:\/\/www.swisnot.ch\/en\/fields\/\",\"url\":\"https:\/\/www.swisnot.ch\/en\/fields\/\",\"name\":\"Nos Prestations - swisNot - Le r\u00e9seau notarial suisse\",\"isPartOf\":{\"@id\":\"https:\/\/www.swisnot.ch\/en\/#website\"},\"datePublished\":\"2016-01-09T16:57:15+00:00\",\"dateModified\":\"2021-11-15T14:41:23+00:00\",\"description\":\"swisNot, le r\u00e9seau notarial suisse, votre partenaire en mati\u00e8re juridique et fiscale\",\"breadcrumb\":{\"@id\":\"https:\/\/www.swisnot.ch\/en\/fields\/#breadcrumb\"},\"inLanguage\":\"en-US\",\"potentialAction\":[{\"@type\":\"ReadAction\",\"target\":[\"https:\/\/www.swisnot.ch\/en\/fields\/\"]}]},{\"@type\":\"BreadcrumbList\",\"@id\":\"https:\/\/www.swisnot.ch\/en\/fields\/#breadcrumb\",\"itemListElement\":[{\"@type\":\"ListItem\",\"position\":1,\"name\":\"Accueil\",\"item\":\"https:\/\/www.swisnot.ch\/en\/home\/\"},{\"@type\":\"ListItem\",\"position\":2,\"name\":\"Fields of activity\"}]},{\"@type\":\"WebSite\",\"@id\":\"https:\/\/www.swisnot.ch\/en\/#website\",\"url\":\"https:\/\/www.swisnot.ch\/en\/\",\"name\":\"swisNot - Le r\u00e9seau notarial suisse\",\"description\":\"Votre partenaire en mati\u00e8re juridique et fiscale\",\"potentialAction\":[{\"@type\":\"SearchAction\",\"target\":{\"@type\":\"EntryPoint\",\"urlTemplate\":\"https:\/\/www.swisnot.ch\/en\/?s={search_term_string}\"},\"query-input\":{\"@type\":\"PropertyValueSpecification\",\"valueRequired\":true,\"valueName\":\"search_term_string\"}}],\"inLanguage\":\"en-US\"}]}<\/script>\n<!-- \/ Yoast SEO plugin. -->","yoast_head_json":{"title":"Nos Prestations - swisNot - Le r\u00e9seau notarial suisse","description":"swisNot, le r\u00e9seau notarial suisse, votre partenaire en mati\u00e8re juridique et fiscale","robots":{"index":"index","follow":"follow","max-snippet":"max-snippet:-1","max-image-preview":"max-image-preview:large","max-video-preview":"max-video-preview:-1"},"canonical":"https:\/\/www.swisnot.ch\/en\/fields\/","og_locale":"en_US","og_type":"article","og_title":"Nos Prestations - swisNot - Le r\u00e9seau notarial suisse","og_description":"swisNot, le r\u00e9seau notarial suisse, votre partenaire en mati\u00e8re juridique et fiscale","og_url":"https:\/\/www.swisnot.ch\/en\/fields\/","og_site_name":"swisNot - Le r\u00e9seau notarial suisse","article_modified_time":"2021-11-15T14:41:23+00:00","twitter_card":"summary_large_image","twitter_misc":{"Est. reading time":"2 minutes"},"schema":{"@context":"https:\/\/schema.org","@graph":[{"@type":"WebPage","@id":"https:\/\/www.swisnot.ch\/en\/fields\/","url":"https:\/\/www.swisnot.ch\/en\/fields\/","name":"Nos Prestations - swisNot - Le r\u00e9seau notarial suisse","isPartOf":{"@id":"https:\/\/www.swisnot.ch\/en\/#website"},"datePublished":"2016-01-09T16:57:15+00:00","dateModified":"2021-11-15T14:41:23+00:00","description":"swisNot, le r\u00e9seau notarial suisse, votre partenaire en mati\u00e8re juridique et fiscale","breadcrumb":{"@id":"https:\/\/www.swisnot.ch\/en\/fields\/#breadcrumb"},"inLanguage":"en-US","potentialAction":[{"@type":"ReadAction","target":["https:\/\/www.swisnot.ch\/en\/fields\/"]}]},{"@type":"BreadcrumbList","@id":"https:\/\/www.swisnot.ch\/en\/fields\/#breadcrumb","itemListElement":[{"@type":"ListItem","position":1,"name":"Accueil","item":"https:\/\/www.swisnot.ch\/en\/home\/"},{"@type":"ListItem","position":2,"name":"Fields of activity"}]},{"@type":"WebSite","@id":"https:\/\/www.swisnot.ch\/en\/#website","url":"https:\/\/www.swisnot.ch\/en\/","name":"swisNot - Le r\u00e9seau notarial suisse","description":"Votre partenaire en mati\u00e8re juridique et fiscale","potentialAction":[{"@type":"SearchAction","target":{"@type":"EntryPoint","urlTemplate":"https:\/\/www.swisnot.ch\/en\/?s={search_term_string}"},"query-input":{"@type":"PropertyValueSpecification","valueRequired":true,"valueName":"search_term_string"}}],"inLanguage":"en-US"}]}},"_links":{"self":[{"href":"https:\/\/www.swisnot.ch\/en\/wp-json\/wp\/v2\/pages\/4881","targetHints":{"allow":["GET"]}}],"collection":[{"href":"https:\/\/www.swisnot.ch\/en\/wp-json\/wp\/v2\/pages"}],"about":[{"href":"https:\/\/www.swisnot.ch\/en\/wp-json\/wp\/v2\/types\/page"}],"author":[{"embeddable":true,"href":"https:\/\/www.swisnot.ch\/en\/wp-json\/wp\/v2\/users\/1"}],"replies":[{"embeddable":true,"href":"https:\/\/www.swisnot.ch\/en\/wp-json\/wp\/v2\/comments?post=4881"}],"version-history":[{"count":3,"href":"https:\/\/www.swisnot.ch\/en\/wp-json\/wp\/v2\/pages\/4881\/revisions"}],"predecessor-version":[{"id":8033,"href":"https:\/\/www.swisnot.ch\/en\/wp-json\/wp\/v2\/pages\/4881\/revisions\/8033"}],"wp:attachment":[{"href":"https:\/\/www.swisnot.ch\/en\/wp-json\/wp\/v2\/media?parent=4881"}],"curies":[{"name":"wp","href":"https:\/\/api.w.org\/{rel}","templated":true}]}}