{"id":1583,"date":"2015-10-15T15:32:40","date_gmt":"2015-10-15T15:32:40","guid":{"rendered":"https:\/\/www.actanotaires.ch\/contact\/"},"modified":"2021-11-15T15:44:00","modified_gmt":"2021-11-15T14:44:00","slug":"contact","status":"publish","type":"page","link":"https:\/\/www.swisnot.ch\/en\/contact\/","title":{"rendered":"Contact"},"content":{"rendered":"\n<style type=\"text\/css\" data-created_by=\"avia_inline_auto\" id=\"style-css-av-kosbxil4-c3c8d404ad32afd7f9114aba7b367233\">\n.avia-section.av-kosbxil4-c3c8d404ad32afd7f9114aba7b367233{\nbackground-repeat:no-repeat;\nbackground-image:url(https:\/\/www.swisnot.ch\/wp\/wp-content\/uploads\/2021\/05\/Legalisation-swisNot.jpg);\nbackground-position:50% 50%;\nbackground-attachment:scroll;\n}\n<\/style>\n<div id='av_section_1'  class='avia-section av-kosbxil4-c3c8d404ad32afd7f9114aba7b367233 main_color avia-section-default avia-no-border-styling  avia-builder-el-0  el_before_av_section  avia-builder-el-first  avia-bg-style-scroll av-minimum-height av-minimum-height-50 av-height-50  container_wrap fullsize'  data-section-bg-repeat='no-repeat' data-av_minimum_height_pc='50' data-av_min_height_opt='50'><div class='container av-section-cont-open' ><main  role=\"main\" itemprop=\"mainContentOfPage\"  class='template-page content  av-content-full alpha units'><div class='post-entry post-entry-type-page post-entry-1583'><div class='entry-content-wrapper clearfix'>\n<\/div><\/div><\/main><!-- close content main element --><\/div><\/div><div id='av_section_2'  class='avia-section av-1q8xj-142355b852d4dcee7de2c96c55434d7c main_color avia-section-default avia-no-border-styling  avia-builder-el-1  el_after_av_section  avia-builder-el-last  avia-bg-style-scroll container_wrap fullsize'  ><div class='container av-section-cont-open' ><div class='template-page content  av-content-full alpha units'><div class='post-entry post-entry-type-page post-entry-1583'><div class='entry-content-wrapper clearfix'>\n\n<style type=\"text\/css\" data-created_by=\"avia_inline_auto\" id=\"style-css-av-aw1m7-a1c574fe314ee5ac1766f0f744bf484d\">\n.flex_column.av-aw1m7-a1c574fe314ee5ac1766f0f744bf484d{\nborder-radius:0px 0px 0px 0px;\npadding:0px 0px 0px 0px;\n}\n<\/style>\n<div  class='flex_column av-aw1m7-a1c574fe314ee5ac1766f0f744bf484d av_two_third  avia-builder-el-2  el_before_av_one_third  avia-builder-el-first  first flex_column_div av-zero-column-padding  '     ><\/div>\n<style type=\"text\/css\" data-created_by=\"avia_inline_auto\" id=\"style-css-av-1vyz8n-b64e75d09db20ef0fbb55ec9b2b4758a\">\n.flex_column.av-1vyz8n-b64e75d09db20ef0fbb55ec9b2b4758a{\nborder-radius:0px 0px 0px 0px;\npadding:0px 0px 0px 0px;\n}\n<\/style>\n<div  id=\"coord-col\"  class='flex_column av-1vyz8n-b64e75d09db20ef0fbb55ec9b2b4758a av_one_third  avia-builder-el-4  el_after_av_two_third  avia-builder-el-last  flex_column_div av-animated-generic bottom-to-top av-zero-column-padding  '     ><p>\n<style type=\"text\/css\" data-created_by=\"avia_inline_auto\" id=\"style-css-av-kp7aqsxw-c47d034990641407a3415bd8bf852c2d\">\n#top .hr.hr-invisible.av-kp7aqsxw-c47d034990641407a3415bd8bf852c2d{\nheight:50px;\n}\n<\/style>\n<div  class='hr av-kp7aqsxw-c47d034990641407a3415bd8bf852c2d hr-invisible  avia-builder-el-5  el_before_av_heading  avia-builder-el-first '><span class='hr-inner '><span class=\"hr-inner-style\"><\/span><\/span><\/div><br \/>\n\n<style type=\"text\/css\" data-created_by=\"avia_inline_auto\" id=\"style-css-av-kosc3c3r-28346328f272204861fa12788bf918f0\">\n#top .av-special-heading.av-kosc3c3r-28346328f272204861fa12788bf918f0{\npadding-bottom:10px;\n}\nbody .av-special-heading.av-kosc3c3r-28346328f272204861fa12788bf918f0 .av-special-heading-tag .heading-char{\nfont-size:25px;\n}\n.av-special-heading.av-kosc3c3r-28346328f272204861fa12788bf918f0 .av-subheading{\nfont-size:15px;\n}\n<\/style>\n<div  class='av-special-heading av-kosc3c3r-28346328f272204861fa12788bf918f0 av-special-heading-h3  avia-builder-el-6  el_after_av_hr  el_before_av_icon_box '><h3 class='av-special-heading-tag '  itemprop=\"headline\"  >swisNot Coordinator<\/h3><div class=\"special-heading-border\"><div class=\"special-heading-inner-border\"><\/div><\/div><\/div><br \/>\n\n<style type=\"text\/css\" data-created_by=\"avia_inline_auto\" id=\"style-css-av-kosc48vd-05ce699c044991dc9a01f9165feeabfd\">\n.iconbox.av-kosc48vd-05ce699c044991dc9a01f9165feeabfd .iconbox_icon{\ncolor:#98012e;\n}\n.iconbox.av-kosc48vd-05ce699c044991dc9a01f9165feeabfd .iconbox_icon.avia-svg-icon svg:first-child{\nfill:#98012e;\nstroke:#98012e;\n}\n<\/style>\n<article  class='iconbox iconbox_left_content av-kosc48vd-05ce699c044991dc9a01f9165feeabfd av-icon-style-no-border  avia-builder-el-7  el_after_av_heading  el_before_av_icon_box '  itemscope=\"itemscope\" itemtype=\"https:\/\/schema.org\/CreativeWork\" ><div class='iconbox_icon heading-color avia-iconfont avia-font-entypo-fontello' data-av_icon='\ue80a' data-av_iconfont='entypo-fontello'  ><\/div><div class=\"iconbox_content\"><header class=\"entry-content-header\" aria-label=\"Icon: Me Philippe Fr\u00e9sard\"><h3 class='iconbox_content_title '  itemprop=\"headline\" >Me Philippe Fr\u00e9sard<\/h3><\/header><div class='iconbox_content_container '  itemprop=\"text\" ><p>MLE \/ Notaire et avocat<\/p>\n<\/div><\/div><footer class=\"entry-footer\"><\/footer><\/article><br \/>\n\n<style type=\"text\/css\" data-created_by=\"avia_inline_auto\" id=\"style-css-av-kosc6hxg-0f6deb2b53cdb8e2a8c9dd017674fce8\">\n.iconbox.av-kosc6hxg-0f6deb2b53cdb8e2a8c9dd017674fce8 .iconbox_icon{\ncolor:#98012e;\n}\n.iconbox.av-kosc6hxg-0f6deb2b53cdb8e2a8c9dd017674fce8 .iconbox_icon.avia-svg-icon svg:first-child{\nfill:#98012e;\nstroke:#98012e;\n}\n<\/style>\n<article  class='iconbox iconbox_left_content av-kosc6hxg-0f6deb2b53cdb8e2a8c9dd017674fce8 av-icon-style-no-border  avia-builder-el-8  el_after_av_icon_box  el_before_av_icon_box '  itemscope=\"itemscope\" itemtype=\"https:\/\/schema.org\/CreativeWork\" ><div class='iconbox_icon heading-color avia-iconfont avia-font-entypo-fontello' data-av_icon='\ue842' data-av_iconfont='entypo-fontello'  ><\/div><div class=\"iconbox_content\"><header class=\"entry-content-header\" aria-label=\"Icon: \"><\/header><div class='iconbox_content_container '  itemprop=\"text\" ><p>Kellerhals Carrard Berne<br \/>\nEffingerstrasse 1<br \/>\nCH-3001 Berne<\/p>\n<\/div><\/div><footer class=\"entry-footer\"><\/footer><\/article><br \/>\n\n<style type=\"text\/css\" data-created_by=\"avia_inline_auto\" id=\"style-css-av-kosc87jy-d89e837962b05f24527e250deef8e041\">\n.iconbox.av-kosc87jy-d89e837962b05f24527e250deef8e041 .iconbox_icon{\ncolor:#98012e;\n}\n.iconbox.av-kosc87jy-d89e837962b05f24527e250deef8e041 .iconbox_icon.avia-svg-icon svg:first-child{\nfill:#98012e;\nstroke:#98012e;\n}\n<\/style>\n<article  class='iconbox iconbox_left_content av-kosc87jy-d89e837962b05f24527e250deef8e041 av-icon-style-no-border  avia-builder-el-9  el_after_av_icon_box  avia-builder-el-last '  itemscope=\"itemscope\" itemtype=\"https:\/\/schema.org\/CreativeWork\" ><div class='iconbox_icon heading-color avia-iconfont avia-font-entypo-fontello' data-av_icon='\ue854' data-av_iconfont='entypo-fontello'  ><\/div><div class=\"iconbox_content\"><header class=\"entry-content-header\" aria-label=\"Icon: \"><\/header><div class='iconbox_content_container '  itemprop=\"text\" ><p><a href=\"tel:+41 58 200 35 66\">+41 (0)58 200 35 66<\/a><\/p>\n<\/div><\/div><footer class=\"entry-footer\"><\/footer><\/article><\/p><\/div>\n","protected":false},"excerpt":{"rendered":"","protected":false},"author":1,"featured_media":0,"parent":0,"menu_order":0,"comment_status":"closed","ping_status":"closed","template":"","meta":{"_acf_changed":false,"footnotes":""},"class_list":["post-1583","page","type-page","status-publish","hentry"],"acf":[],"yoast_head":"<!-- This site is optimized with the Yoast SEO plugin v24.9 - https:\/\/yoast.com\/wordpress\/plugins\/seo\/ -->\n<title>Contact - swisNot - Le r\u00e9seau notarial suisse<\/title>\n<meta name=\"description\" content=\"swisNot, le r\u00e9seau notarial suisse, votre partenaire en mati\u00e8re juridique et fiscale\" \/>\n<meta name=\"robots\" content=\"index, follow, max-snippet:-1, max-image-preview:large, max-video-preview:-1\" \/>\n<link rel=\"canonical\" href=\"https:\/\/www.swisnot.ch\/en\/contact\/\" \/>\n<meta property=\"og:locale\" content=\"en_US\" \/>\n<meta property=\"og:type\" content=\"article\" \/>\n<meta property=\"og:title\" content=\"Contact - swisNot - Le r\u00e9seau notarial suisse\" \/>\n<meta property=\"og:description\" content=\"swisNot, le r\u00e9seau notarial suisse, votre partenaire en mati\u00e8re juridique et fiscale\" \/>\n<meta property=\"og:url\" content=\"https:\/\/www.swisnot.ch\/en\/contact\/\" \/>\n<meta property=\"og:site_name\" content=\"swisNot - Le r\u00e9seau notarial suisse\" \/>\n<meta property=\"article:modified_time\" content=\"2021-11-15T14:44:00+00:00\" \/>\n<meta name=\"twitter:card\" content=\"summary_large_image\" \/>\n<meta name=\"twitter:label1\" content=\"Est. reading time\" \/>\n\t<meta name=\"twitter:data1\" content=\"5 minutes\" \/>\n<script type=\"application\/ld+json\" class=\"yoast-schema-graph\">{\"@context\":\"https:\/\/schema.org\",\"@graph\":[{\"@type\":\"WebPage\",\"@id\":\"https:\/\/www.swisnot.ch\/en\/contact\/\",\"url\":\"https:\/\/www.swisnot.ch\/en\/contact\/\",\"name\":\"Contact - swisNot - Le r\u00e9seau notarial suisse\",\"isPartOf\":{\"@id\":\"https:\/\/www.swisnot.ch\/en\/#website\"},\"datePublished\":\"2015-10-15T15:32:40+00:00\",\"dateModified\":\"2021-11-15T14:44:00+00:00\",\"description\":\"swisNot, le r\u00e9seau notarial suisse, votre partenaire en mati\u00e8re juridique et fiscale\",\"breadcrumb\":{\"@id\":\"https:\/\/www.swisnot.ch\/en\/contact\/#breadcrumb\"},\"inLanguage\":\"en-US\",\"potentialAction\":[{\"@type\":\"ReadAction\",\"target\":[\"https:\/\/www.swisnot.ch\/en\/contact\/\"]}]},{\"@type\":\"BreadcrumbList\",\"@id\":\"https:\/\/www.swisnot.ch\/en\/contact\/#breadcrumb\",\"itemListElement\":[{\"@type\":\"ListItem\",\"position\":1,\"name\":\"Accueil\",\"item\":\"https:\/\/www.swisnot.ch\/en\/home\/\"},{\"@type\":\"ListItem\",\"position\":2,\"name\":\"Contact\"}]},{\"@type\":\"WebSite\",\"@id\":\"https:\/\/www.swisnot.ch\/en\/#website\",\"url\":\"https:\/\/www.swisnot.ch\/en\/\",\"name\":\"swisNot - Le r\u00e9seau notarial suisse\",\"description\":\"Votre partenaire en mati\u00e8re juridique et fiscale\",\"potentialAction\":[{\"@type\":\"SearchAction\",\"target\":{\"@type\":\"EntryPoint\",\"urlTemplate\":\"https:\/\/www.swisnot.ch\/en\/?s={search_term_string}\"},\"query-input\":{\"@type\":\"PropertyValueSpecification\",\"valueRequired\":true,\"valueName\":\"search_term_string\"}}],\"inLanguage\":\"en-US\"}]}<\/script>\n<!-- \/ Yoast SEO plugin. -->","yoast_head_json":{"title":"Contact - swisNot - Le r\u00e9seau notarial suisse","description":"swisNot, le r\u00e9seau notarial suisse, votre partenaire en mati\u00e8re juridique et fiscale","robots":{"index":"index","follow":"follow","max-snippet":"max-snippet:-1","max-image-preview":"max-image-preview:large","max-video-preview":"max-video-preview:-1"},"canonical":"https:\/\/www.swisnot.ch\/en\/contact\/","og_locale":"en_US","og_type":"article","og_title":"Contact - swisNot - Le r\u00e9seau notarial suisse","og_description":"swisNot, le r\u00e9seau notarial suisse, votre partenaire en mati\u00e8re juridique et fiscale","og_url":"https:\/\/www.swisnot.ch\/en\/contact\/","og_site_name":"swisNot - Le r\u00e9seau notarial suisse","article_modified_time":"2021-11-15T14:44:00+00:00","twitter_card":"summary_large_image","twitter_misc":{"Est. reading time":"5 minutes"},"schema":{"@context":"https:\/\/schema.org","@graph":[{"@type":"WebPage","@id":"https:\/\/www.swisnot.ch\/en\/contact\/","url":"https:\/\/www.swisnot.ch\/en\/contact\/","name":"Contact - swisNot - Le r\u00e9seau notarial suisse","isPartOf":{"@id":"https:\/\/www.swisnot.ch\/en\/#website"},"datePublished":"2015-10-15T15:32:40+00:00","dateModified":"2021-11-15T14:44:00+00:00","description":"swisNot, le r\u00e9seau notarial suisse, votre partenaire en mati\u00e8re juridique et fiscale","breadcrumb":{"@id":"https:\/\/www.swisnot.ch\/en\/contact\/#breadcrumb"},"inLanguage":"en-US","potentialAction":[{"@type":"ReadAction","target":["https:\/\/www.swisnot.ch\/en\/contact\/"]}]},{"@type":"BreadcrumbList","@id":"https:\/\/www.swisnot.ch\/en\/contact\/#breadcrumb","itemListElement":[{"@type":"ListItem","position":1,"name":"Accueil","item":"https:\/\/www.swisnot.ch\/en\/home\/"},{"@type":"ListItem","position":2,"name":"Contact"}]},{"@type":"WebSite","@id":"https:\/\/www.swisnot.ch\/en\/#website","url":"https:\/\/www.swisnot.ch\/en\/","name":"swisNot - Le r\u00e9seau notarial suisse","description":"Votre partenaire en mati\u00e8re juridique et fiscale","potentialAction":[{"@type":"SearchAction","target":{"@type":"EntryPoint","urlTemplate":"https:\/\/www.swisnot.ch\/en\/?s={search_term_string}"},"query-input":{"@type":"PropertyValueSpecification","valueRequired":true,"valueName":"search_term_string"}}],"inLanguage":"en-US"}]}},"_links":{"self":[{"href":"https:\/\/www.swisnot.ch\/en\/wp-json\/wp\/v2\/pages\/1583","targetHints":{"allow":["GET"]}}],"collection":[{"href":"https:\/\/www.swisnot.ch\/en\/wp-json\/wp\/v2\/pages"}],"about":[{"href":"https:\/\/www.swisnot.ch\/en\/wp-json\/wp\/v2\/types\/page"}],"author":[{"embeddable":true,"href":"https:\/\/www.swisnot.ch\/en\/wp-json\/wp\/v2\/users\/1"}],"replies":[{"embeddable":true,"href":"https:\/\/www.swisnot.ch\/en\/wp-json\/wp\/v2\/comments?post=1583"}],"version-history":[{"count":4,"href":"https:\/\/www.swisnot.ch\/en\/wp-json\/wp\/v2\/pages\/1583\/revisions"}],"predecessor-version":[{"id":8039,"href":"https:\/\/www.swisnot.ch\/en\/wp-json\/wp\/v2\/pages\/1583\/revisions\/8039"}],"wp:attachment":[{"href":"https:\/\/www.swisnot.ch\/en\/wp-json\/wp\/v2\/media?parent=1583"}],"curies":[{"name":"wp","href":"https:\/\/api.w.org\/{rel}","templated":true}]}}