{"id":1580,"date":"2016-01-09T18:12:14","date_gmt":"2016-01-09T17:12:14","guid":{"rendered":"https:\/\/www.actanotaires.ch\/networks\/"},"modified":"2026-03-03T14:11:37","modified_gmt":"2026-03-03T13:11:37","slug":"international","status":"publish","type":"page","link":"https:\/\/www.swisnot.ch\/en\/international\/","title":{"rendered":"International"},"content":{"rendered":"\n<style type=\"text\/css\" data-created_by=\"avia_inline_auto\" id=\"style-css-av-jserzo4c-79e0222d319de91b4708aa7a20e7224e\">\n.avia-section.av-jserzo4c-79e0222d319de91b4708aa7a20e7224e{\nbackground-repeat:no-repeat;\nbackground-image:url(https:\/\/www.swisnot.ch\/wp\/wp-content\/uploads\/2021\/05\/lexunion.jpg);\nbackground-position:50% 0%;\nbackground-attachment:scroll;\n}\n<\/style>\n<div id='av_section_1'  class='avia-section av-jserzo4c-79e0222d319de91b4708aa7a20e7224e main_color avia-section-default avia-no-border-styling  avia-builder-el-0  el_before_av_layout_row  avia-builder-el-first  avia-full-stretch avia-bg-style-scroll av-minimum-height av-minimum-height-custom av-height-custom  container_wrap fullsize'  data-section-bg-repeat='stretch' data-av_minimum_height_px='300'><div class='container av-section-cont-open' style='height:300px'><main  role=\"main\" itemprop=\"mainContentOfPage\"  class='template-page content  av-content-full alpha units'><div class='post-entry post-entry-type-page post-entry-1580'><div class='entry-content-wrapper clearfix'>\n<\/div><\/div><\/main><!-- close content main element --><\/div><\/div><div id='av-layout-grid-1'  class='av-layout-grid-container av-435qwy-4ed8b78ca8f02b770f2c8207b2c0b715 entry-content-wrapper main_color av-flex-cells  avia-builder-el-1  el_after_av_section  el_before_av_section  grid-row-not-first  container_wrap fullsize'  >\n\n<style type=\"text\/css\" data-created_by=\"avia_inline_auto\" id=\"style-css-av-3vw4pe-51c6748903fafb4098eeda84f400f05a\">\n.flex_cell.av-3vw4pe-51c6748903fafb4098eeda84f400f05a{\nvertical-align:top;\nbackground-color:#98012e;\n}\n.responsive #top #wrap_all .flex_cell.av-3vw4pe-51c6748903fafb4098eeda84f400f05a{\npadding:30px 30px 30px 30px !important;\n}\n<\/style>\n<div class='flex_cell av-3vw4pe-51c6748903fafb4098eeda84f400f05a av-gridrow-cell av_one_third no_margin  avia-builder-el-2  el_before_av_cell_one_third  avia-builder-el-first  content-align-top'  ><div class='flex_cell_inner'><\/div><\/div>\n<style type=\"text\/css\" data-created_by=\"avia_inline_auto\" id=\"style-css-av-3mduy2-877b04abc48138a65daf3c6b43916434\">\n.flex_cell.av-3mduy2-877b04abc48138a65daf3c6b43916434{\nvertical-align:top;\nbackground-color:#98012e;\n}\n.responsive #top #wrap_all .flex_cell.av-3mduy2-877b04abc48138a65daf3c6b43916434{\npadding:30px 30px 30px 30px !important;\n}\n<\/style>\n<div class='flex_cell av-3mduy2-877b04abc48138a65daf3c6b43916434 av-gridrow-cell av_one_third no_margin  avia-builder-el-3  el_after_av_cell_one_third  el_before_av_cell_one_third  content-align-top'  ><div class='flex_cell_inner'><\/div><\/div>\n<style type=\"text\/css\" data-created_by=\"avia_inline_auto\" id=\"style-css-av-3a3r1u-f603c3003be3d3e078fa3ffeefdbfd2e\">\n.flex_cell.av-3a3r1u-f603c3003be3d3e078fa3ffeefdbfd2e{\nvertical-align:top;\nbackground-color:#98012e;\n}\n.responsive #top #wrap_all .flex_cell.av-3a3r1u-f603c3003be3d3e078fa3ffeefdbfd2e{\npadding:30px 30px 30px 30px !important;\n}\n<\/style>\n<div class='flex_cell av-3a3r1u-f603c3003be3d3e078fa3ffeefdbfd2e av-gridrow-cell av_one_third no_margin  avia-builder-el-4  el_after_av_cell_one_third  avia-builder-el-last  content-align-top'  ><div class='flex_cell_inner'><\/div><\/div>\n<\/div>\n<div id='av_section_2'  class='avia-section av-m3zf2-8e42d21907ecc807179764a9bae3bcac main_color avia-section-default avia-no-border-styling  avia-builder-el-5  el_after_av_layout_row  avia-builder-el-last  avia-bg-style-scroll container_wrap fullsize'  ><div class='container av-section-cont-open' ><div class='template-page content  av-content-full alpha units'><div class='post-entry post-entry-type-page post-entry-1580'><div class='entry-content-wrapper clearfix'>\n\n<style type=\"text\/css\" data-created_by=\"avia_inline_auto\" id=\"style-css-av-e1y26-83f6c2829a0f58a288094d81c558d2b8\">\n.flex_column.av-e1y26-83f6c2829a0f58a288094d81c558d2b8{\nborder-radius:0px 0px 0px 0px;\npadding:0px 0px 0px 0px;\n}\n<\/style>\n<div  class='flex_column av-e1y26-83f6c2829a0f58a288094d81c558d2b8 av_one_full  avia-builder-el-6  el_before_av_one_half  avia-builder-el-first  first flex_column_div av-zero-column-padding  '     ><style type=\"text\/css\" data-created_by=\"avia_inline_auto\" id=\"style-css-av-a00z2-7b5cb2217048ea61b1c079bc3d9b33ae\">\n#top .av-special-heading.av-a00z2-7b5cb2217048ea61b1c079bc3d9b33ae{\npadding-bottom:10px;\n}\nbody .av-special-heading.av-a00z2-7b5cb2217048ea61b1c079bc3d9b33ae .av-special-heading-tag .heading-char{\nfont-size:25px;\n}\n.av-special-heading.av-a00z2-7b5cb2217048ea61b1c079bc3d9b33ae .av-subheading{\nfont-size:15px;\n}\n<\/style>\n<div  class='av-special-heading av-a00z2-7b5cb2217048ea61b1c079bc3d9b33ae av-special-heading-h1 blockquote modern-quote  avia-builder-el-7  avia-builder-el-no-sibling  trs-special-underline'><h1 class='av-special-heading-tag '  itemprop=\"headline\"  >Lexunion, International Legal <span class='special_amp'>&amp;<\/span> Notarial Network<\/h1><div class=\"special-heading-border\"><div class=\"special-heading-inner-border\"><\/div><\/div><\/div><\/div>\n<style type=\"text\/css\" data-created_by=\"avia_inline_auto\" id=\"style-css-av-2edpee-c026a57c8f9568d9c01c4676ccaef6b4\">\n.flex_column.av-2edpee-c026a57c8f9568d9c01c4676ccaef6b4{\nborder-radius:0px 0px 0px 0px;\npadding:0px 0px 0px 0px;\n}\n<\/style>\n<div  class='flex_column av-2edpee-c026a57c8f9568d9c01c4676ccaef6b4 av_one_half  avia-builder-el-8  el_after_av_one_full  el_before_av_one_half  first flex_column_div av-zero-column-padding  column-top-margin'     ><section  class='av_textblock_section av-23drji-c172ea2c026f359cb1168b600f9019dc '   itemscope=\"itemscope\" itemtype=\"https:\/\/schema.org\/CreativeWork\" ><div class='avia_textblock'  itemprop=\"text\" ><p>swisNot is a co-founder of the\u00a0<a href=\"http:\/\/www.lexunion.com\/\"><strong>Lexunion (International Legal &amp; Notarial Network<\/strong><strong>)<\/strong><\/a>, an international federation of national networks of legal and fiscal professionals working for individuals and business.<\/p>\n<p>Members of this group<\/p>\n<ul>\n<li>support their clients in their legal operations abroad.<\/li>\n<li>welcome foreign clients wishing to invest in their country.<\/li>\n<\/ul>\n<p>The Lexunion&#8217;s specialist fields are:<\/p>\n<ul>\n<li>drawing up marriage or civil partnership contracts or wills.<\/li>\n<li>inheritance settlements,<\/li>\n<li>private asset transfer,<\/li>\n<li>creation and follow-up of companies,<\/li>\n<li>the purchase and sale of property,<\/li>\n<li>all while monitoring the fiscal arrangements of these operations.<\/li>\n<\/ul>\n<\/div><\/section><\/div>\n<style type=\"text\/css\" data-created_by=\"avia_inline_auto\" id=\"style-css-av-9p8uu-f07d10ec8743c2a78dd18a81f204933a\">\n.flex_column.av-9p8uu-f07d10ec8743c2a78dd18a81f204933a{\nborder-radius:0px 0px 0px 0px;\npadding:0px 0px 0px 0px;\n}\n<\/style>\n<div  class='flex_column av-9p8uu-f07d10ec8743c2a78dd18a81f204933a av_one_half  avia-builder-el-10  el_after_av_one_half  avia-builder-el-last  flex_column_div av-zero-column-padding  column-top-margin'     ><style type=\"text\/css\" data-created_by=\"avia_inline_auto\" id=\"style-css-av-kobbxs9l-d790d28cbf37fbecbb12134df1a7ac6e\">\n.avia-image-container.av-kobbxs9l-d790d28cbf37fbecbb12134df1a7ac6e img.avia_image{\nbox-shadow:none;\n}\n.avia-image-container.av-kobbxs9l-d790d28cbf37fbecbb12134df1a7ac6e .av-image-caption-overlay-center{\ncolor:#ffffff;\n}\n<\/style>\n<div  class='avia-image-container av-kobbxs9l-d790d28cbf37fbecbb12134df1a7ac6e av-styling- av-hover-grow av-img-linked avia-align-center  avia-builder-el-11  avia-builder-el-no-sibling '   itemprop=\"image\" itemscope=\"itemscope\" itemtype=\"https:\/\/schema.org\/ImageObject\" ><div class=\"avia-image-container-inner\"><div class=\"avia-image-overlay-wrap\"><a href=\"http:\/\/lexunion.com\" class='avia_image '  target=\"_blank\"  rel=\"noopener noreferrer\" aria-label='XL lexunion-horizontal BLANCO'><img decoding=\"async\" fetchpriority=\"high\" class='wp-image-10407 avia-img-lazy-loading-not-10407 avia_image ' src=\"https:\/\/www.swisnot.ch\/wp\/wp-content\/uploads\/2026\/03\/XL-lexunion-horizontal-BLANCO-scaled.png\" alt='' title='XL lexunion-horizontal BLANCO'  height=\"1143\" width=\"2560\"  itemprop=\"thumbnailUrl\" srcset=\"https:\/\/www.swisnot.ch\/wp\/wp-content\/uploads\/2026\/03\/XL-lexunion-horizontal-BLANCO-scaled.png 2560w, https:\/\/www.swisnot.ch\/wp\/wp-content\/uploads\/2026\/03\/XL-lexunion-horizontal-BLANCO-300x134.png 300w, https:\/\/www.swisnot.ch\/wp\/wp-content\/uploads\/2026\/03\/XL-lexunion-horizontal-BLANCO-1030x460.png 1030w, https:\/\/www.swisnot.ch\/wp\/wp-content\/uploads\/2026\/03\/XL-lexunion-horizontal-BLANCO-768x343.png 768w, https:\/\/www.swisnot.ch\/wp\/wp-content\/uploads\/2026\/03\/XL-lexunion-horizontal-BLANCO-1536x686.png 1536w, https:\/\/www.swisnot.ch\/wp\/wp-content\/uploads\/2026\/03\/XL-lexunion-horizontal-BLANCO-2048x914.png 2048w, https:\/\/www.swisnot.ch\/wp\/wp-content\/uploads\/2026\/03\/XL-lexunion-horizontal-BLANCO-1500x670.png 1500w, https:\/\/www.swisnot.ch\/wp\/wp-content\/uploads\/2026\/03\/XL-lexunion-horizontal-BLANCO-705x315.png 705w\" sizes=\"(max-width: 2560px) 100vw, 2560px\" \/><\/a><\/div><\/div><\/div><\/div>\n","protected":false},"excerpt":{"rendered":"","protected":false},"author":1,"featured_media":0,"parent":0,"menu_order":0,"comment_status":"closed","ping_status":"closed","template":"","meta":{"_acf_changed":false,"footnotes":""},"class_list":["post-1580","page","type-page","status-publish","hentry"],"acf":[],"yoast_head":"<!-- This site is optimized with the Yoast SEO plugin v24.9 - https:\/\/yoast.com\/wordpress\/plugins\/seo\/ -->\n<title>International - swisNot - Le r\u00e9seau notarial suisse<\/title>\n<meta name=\"description\" content=\"swisNot, le r\u00e9seau notarial suisse, votre partenaire en mati\u00e8re juridique et fiscale\" \/>\n<meta name=\"robots\" content=\"index, follow, max-snippet:-1, max-image-preview:large, max-video-preview:-1\" \/>\n<link rel=\"canonical\" href=\"https:\/\/www.swisnot.ch\/en\/international\/\" \/>\n<meta property=\"og:locale\" content=\"en_US\" \/>\n<meta property=\"og:type\" content=\"article\" \/>\n<meta property=\"og:title\" content=\"International - swisNot - Le r\u00e9seau notarial suisse\" \/>\n<meta property=\"og:description\" content=\"swisNot, le r\u00e9seau notarial suisse, votre partenaire en mati\u00e8re juridique et fiscale\" \/>\n<meta property=\"og:url\" content=\"https:\/\/www.swisnot.ch\/en\/international\/\" \/>\n<meta property=\"og:site_name\" content=\"swisNot - Le r\u00e9seau notarial suisse\" \/>\n<meta property=\"article:modified_time\" content=\"2026-03-03T13:11:37+00:00\" \/>\n<meta name=\"twitter:card\" content=\"summary_large_image\" \/>\n<meta name=\"twitter:label1\" content=\"Est. reading time\" \/>\n\t<meta name=\"twitter:data1\" content=\"8 minutes\" \/>\n<script type=\"application\/ld+json\" class=\"yoast-schema-graph\">{\"@context\":\"https:\/\/schema.org\",\"@graph\":[{\"@type\":\"WebPage\",\"@id\":\"https:\/\/www.swisnot.ch\/en\/international\/\",\"url\":\"https:\/\/www.swisnot.ch\/en\/international\/\",\"name\":\"International - swisNot - Le r\u00e9seau notarial suisse\",\"isPartOf\":{\"@id\":\"https:\/\/www.swisnot.ch\/en\/#website\"},\"datePublished\":\"2016-01-09T17:12:14+00:00\",\"dateModified\":\"2026-03-03T13:11:37+00:00\",\"description\":\"swisNot, le r\u00e9seau notarial suisse, votre partenaire en mati\u00e8re juridique et fiscale\",\"breadcrumb\":{\"@id\":\"https:\/\/www.swisnot.ch\/en\/international\/#breadcrumb\"},\"inLanguage\":\"en-US\",\"potentialAction\":[{\"@type\":\"ReadAction\",\"target\":[\"https:\/\/www.swisnot.ch\/en\/international\/\"]}]},{\"@type\":\"BreadcrumbList\",\"@id\":\"https:\/\/www.swisnot.ch\/en\/international\/#breadcrumb\",\"itemListElement\":[{\"@type\":\"ListItem\",\"position\":1,\"name\":\"Accueil\",\"item\":\"https:\/\/www.swisnot.ch\/en\/home\/\"},{\"@type\":\"ListItem\",\"position\":2,\"name\":\"International\"}]},{\"@type\":\"WebSite\",\"@id\":\"https:\/\/www.swisnot.ch\/en\/#website\",\"url\":\"https:\/\/www.swisnot.ch\/en\/\",\"name\":\"swisNot - Le r\u00e9seau notarial suisse\",\"description\":\"Votre partenaire en mati\u00e8re juridique et fiscale\",\"potentialAction\":[{\"@type\":\"SearchAction\",\"target\":{\"@type\":\"EntryPoint\",\"urlTemplate\":\"https:\/\/www.swisnot.ch\/en\/?s={search_term_string}\"},\"query-input\":{\"@type\":\"PropertyValueSpecification\",\"valueRequired\":true,\"valueName\":\"search_term_string\"}}],\"inLanguage\":\"en-US\"}]}<\/script>\n<!-- \/ Yoast SEO plugin. -->","yoast_head_json":{"title":"International - swisNot - Le r\u00e9seau notarial suisse","description":"swisNot, le r\u00e9seau notarial suisse, votre partenaire en mati\u00e8re juridique et fiscale","robots":{"index":"index","follow":"follow","max-snippet":"max-snippet:-1","max-image-preview":"max-image-preview:large","max-video-preview":"max-video-preview:-1"},"canonical":"https:\/\/www.swisnot.ch\/en\/international\/","og_locale":"en_US","og_type":"article","og_title":"International - swisNot - Le r\u00e9seau notarial suisse","og_description":"swisNot, le r\u00e9seau notarial suisse, votre partenaire en mati\u00e8re juridique et fiscale","og_url":"https:\/\/www.swisnot.ch\/en\/international\/","og_site_name":"swisNot - Le r\u00e9seau notarial suisse","article_modified_time":"2026-03-03T13:11:37+00:00","twitter_card":"summary_large_image","twitter_misc":{"Est. reading time":"8 minutes"},"schema":{"@context":"https:\/\/schema.org","@graph":[{"@type":"WebPage","@id":"https:\/\/www.swisnot.ch\/en\/international\/","url":"https:\/\/www.swisnot.ch\/en\/international\/","name":"International - swisNot - Le r\u00e9seau notarial suisse","isPartOf":{"@id":"https:\/\/www.swisnot.ch\/en\/#website"},"datePublished":"2016-01-09T17:12:14+00:00","dateModified":"2026-03-03T13:11:37+00:00","description":"swisNot, le r\u00e9seau notarial suisse, votre partenaire en mati\u00e8re juridique et fiscale","breadcrumb":{"@id":"https:\/\/www.swisnot.ch\/en\/international\/#breadcrumb"},"inLanguage":"en-US","potentialAction":[{"@type":"ReadAction","target":["https:\/\/www.swisnot.ch\/en\/international\/"]}]},{"@type":"BreadcrumbList","@id":"https:\/\/www.swisnot.ch\/en\/international\/#breadcrumb","itemListElement":[{"@type":"ListItem","position":1,"name":"Accueil","item":"https:\/\/www.swisnot.ch\/en\/home\/"},{"@type":"ListItem","position":2,"name":"International"}]},{"@type":"WebSite","@id":"https:\/\/www.swisnot.ch\/en\/#website","url":"https:\/\/www.swisnot.ch\/en\/","name":"swisNot - Le r\u00e9seau notarial suisse","description":"Votre partenaire en mati\u00e8re juridique et fiscale","potentialAction":[{"@type":"SearchAction","target":{"@type":"EntryPoint","urlTemplate":"https:\/\/www.swisnot.ch\/en\/?s={search_term_string}"},"query-input":{"@type":"PropertyValueSpecification","valueRequired":true,"valueName":"search_term_string"}}],"inLanguage":"en-US"}]}},"_links":{"self":[{"href":"https:\/\/www.swisnot.ch\/en\/wp-json\/wp\/v2\/pages\/1580","targetHints":{"allow":["GET"]}}],"collection":[{"href":"https:\/\/www.swisnot.ch\/en\/wp-json\/wp\/v2\/pages"}],"about":[{"href":"https:\/\/www.swisnot.ch\/en\/wp-json\/wp\/v2\/types\/page"}],"author":[{"embeddable":true,"href":"https:\/\/www.swisnot.ch\/en\/wp-json\/wp\/v2\/users\/1"}],"replies":[{"embeddable":true,"href":"https:\/\/www.swisnot.ch\/en\/wp-json\/wp\/v2\/comments?post=1580"}],"version-history":[{"count":6,"href":"https:\/\/www.swisnot.ch\/en\/wp-json\/wp\/v2\/pages\/1580\/revisions"}],"predecessor-version":[{"id":10413,"href":"https:\/\/www.swisnot.ch\/en\/wp-json\/wp\/v2\/pages\/1580\/revisions\/10413"}],"wp:attachment":[{"href":"https:\/\/www.swisnot.ch\/en\/wp-json\/wp\/v2\/media?parent=1580"}],"curies":[{"name":"wp","href":"https:\/\/api.w.org\/{rel}","templated":true}]}}