{"id":9132,"date":"2023-08-30T09:16:45","date_gmt":"2023-08-30T08:16:45","guid":{"rendered":"https:\/\/www.swisnot.ch\/?page_id=9132"},"modified":"2023-08-30T09:16:46","modified_gmt":"2023-08-30T08:16:46","slug":"datenschutzrichtlinie","status":"publish","type":"page","link":"https:\/\/www.swisnot.ch\/de\/datenschutzrichtlinie\/","title":{"rendered":"Datenschutzrichtlinie"},"content":{"rendered":"<div id='av_section_1'  class='avia-section av-4kih77-0191089bdf53a8f31914ff49c27900af main_color avia-section-default avia-no-border-styling  avia-builder-el-0  avia-builder-el-no-sibling  avia-bg-style-scroll container_wrap fullsize'  ><div class='container av-section-cont-open' ><main  role=\"main\" itemprop=\"mainContentOfPage\"  class='template-page content  av-content-full alpha units'><div class='post-entry post-entry-type-page post-entry-9132'><div class='entry-content-wrapper clearfix'>\n\n<style type=\"text\/css\" data-created_by=\"avia_inline_auto\" id=\"style-css-av-21xdib-098aab059422e738a8b61c8d5924ae9b\">\n.flex_column.av-21xdib-098aab059422e738a8b61c8d5924ae9b{\nborder-radius:0px 0px 0px 0px;\npadding:0px 0px 0px 0px;\n}\n<\/style>\n<div  class='flex_column av-21xdib-098aab059422e738a8b61c8d5924ae9b av_one_full  avia-builder-el-1  avia-builder-el-no-sibling  first flex_column_div av-zero-column-padding  '     ><p>\n<style type=\"text\/css\" data-created_by=\"avia_inline_auto\" id=\"style-css-av-llxf32gu-874cc4a125f6756aa18e889375d2f5c9\">\n#top .av-special-heading.av-llxf32gu-874cc4a125f6756aa18e889375d2f5c9{\npadding-bottom:10px;\n}\nbody .av-special-heading.av-llxf32gu-874cc4a125f6756aa18e889375d2f5c9 .av-special-heading-tag .heading-char{\nfont-size:25px;\n}\n.av-special-heading.av-llxf32gu-874cc4a125f6756aa18e889375d2f5c9 .av-subheading{\nfont-size:15px;\n}\n<\/style>\n<div  class='av-special-heading av-llxf32gu-874cc4a125f6756aa18e889375d2f5c9 av-special-heading-h1 blockquote modern-quote  avia-builder-el-2  el_before_av_textblock  avia-builder-el-first '><h1 class='av-special-heading-tag '  itemprop=\"headline\"  >Datenschutzrichtlinie<\/h1><div class=\"special-heading-border\"><div class=\"special-heading-inner-border\"><\/div><\/div><\/div><br \/>\n<section  class='av_textblock_section av-llxfvw8n-2ef08ccbd2b527f431f2c260f323bcad '   itemscope=\"itemscope\" itemtype=\"https:\/\/schema.org\/CreativeWork\" ><div class='avia_textblock'  itemprop=\"text\" ><h2>Datenschutz<\/h2>\n<p>Gem\u00e4\u00df Artikel 13 der Schweizerischen Bundesverfassung und den bundesrechtlichen Datenschutzbestimmungen (Datenschutzgesetz, DSG) hat jede Person Anspruch auf Schutz ihrer Privatsph\u00e4re sowie auf Schutz vor Missbrauch ihrer pers\u00f6nlichen Daten. Wir halten diese Bestimmungen ein. Pers\u00f6nliche Daten werden streng vertraulich behandelt und weder an Dritte verkauft noch weitergegeben.<\/p>\n<p>In enger Zusammenarbeit mit unseren Hosting-Anbietern bem\u00fchen wir uns, die Datenbanken so gut wie m\u00f6glich vor fremden Zugriffen, Verlusten, Missbrauch oder vor F\u00e4lschung zu sch\u00fctzen.<\/p>\n<p>Beim Zugriff auf unsere Websites werden folgende Daten in Logdateien gespeichert: IP-Adresse, Datum, Uhrzeit, Browseranfrage und allgemeine \u00fcbertragene Informationen zum Betriebssystem resp. Browser. Diese Nutzungsdaten bilden die Basis f\u00fcr statistische, anonyme Auswertungen, so dass Trends erkennbar sind, mit denen wir unsere Angebote entsprechend verbessern k\u00f6nnen.<\/p>\n<h2>Sammlung und Verarbeitung pers\u00f6nlicher Daten<\/h2>\n<p>Wenn Sie unsere Dienste nutzen, insbesondere wenn Sie Kontaktformulare ausf\u00fcllen oder die Erstellung einer SA oder SARL auf unserer Website beantragen, erfassen und verarbeiten wir die von Ihnen bereitgestellten pers\u00f6nlichen Daten, wie z.B. Ihren Namen, Vornamen, Adresse, Geburtsort, Telefonnummer, E-Mail-Adresse und andere Informationen im Zusammenhang mit Ihrer Anfrage.<\/p>\n<p>Wir verwenden diese Daten, um Ihre Anfragen zu bearbeiten, unsere Dienste bereitzustellen, mit Ihnen zu kommunizieren und gegebenenfalls unsere Dienste in Rechnung zu stellen.<\/p>\n<p>Ihre pers\u00f6nlichen Daten werden nicht an Dritte weitergegeben, es sei denn, dies ist notwendig, um unsere Dienste bereitzustellen, gesetzlichen Verpflichtungen nachzukommen oder unsere Rechte und unser Eigentum zu sch\u00fctzen.<\/p>\n<h2>Verwendung von Google Fonts<\/h2>\n<p>Wir verwenden Google Fonts f\u00fcr die Darstellung von Schriftarten auf unserer Website. Google Fonts ist ein Dienst der Google Inc. (&#8220;Google&#8221;). Die Nutzung von Google Fonts erfordert eine Verbindung zu den Servern von Google, was bedeutet, dass Google Informationen wie Ihre IP-Adresse und die Seiten unserer Website, die Sie besuchen, sammeln kann. F\u00fcr weitere Informationen dar\u00fcber, wie Google Ihre Daten verarbeitet, lesen Sie bitte die Datenschutzrichtlinie von Google.<\/p>\n<h2>Verwendung von Google Maps<\/h2>\n<p>Wir verwenden Google Maps f\u00fcr die Anzeige von Karten und die Erstellung von Routen auf unserer Website. Google Maps ist ein Dienst der Google Inc. (&#8220;Google&#8221;). Die Nutzung von Google Maps erfordert eine Verbindung zu den Servern von Google, was bedeutet, dass Google Informationen wie Ihre IP-Adresse und die Seiten unserer Website, die Sie besuchen, sammeln kann. F\u00fcr weitere Informationen dar\u00fcber, wie Google Ihre Daten verarbeitet, lesen Sie bitte die Datenschutzrichtlinie von Google.<\/p>\n<h2>Verwendung von Google reCAPTCHA<\/h2>\n<p>Wir verwenden Google reCAPTCHA, um zu \u00fcberpr\u00fcfen, ob die auf unserer Website eingegebenen Daten von einem Menschen oder einem automatisierten Programm stammen. Google reCAPTCHA ist ein Dienst der Google Inc. (&#8220;Google&#8221;). Die Nutzung von Google reCAPTCHA erfordert eine Verbindung zu den Servern von Google, was bedeutet, dass Google Informationen wie Ihre IP-Adresse und die Seiten unserer Website, die Sie besuchen, sammeln kann. F\u00fcr weitere Informationen dar\u00fcber, wie Google Ihre Daten verarbeitet, lesen Sie bitte die Datenschutzrichtlinie von Google.<\/p>\n<h2>Verwendung von Matomo<\/h2>\n<p>Wir verwenden Matomo, um den Verkehr auf unserer Website zu analysieren und das Benutzererlebnis zu verbessern. Matomo ist eine Open-Source-Webanalyse-Software, die Daten wie Ihre IP-Adresse, die von Ihnen besuchten Seiten, die Dauer Ihres Besuchs und die Aktionen, die Sie auf unserer Website durchf\u00fchren, sammelt. Wir haben Matomo so konfiguriert, dass Ihre IP-Adresse anonymisiert wird und Ihre Daten nicht an Dritte weitergegeben werden. Sie k\u00f6nnen das Tracking durch Matomo deaktivieren, indem Sie die Einstellungen Ihres Browsers \u00e4ndern, um Cookies von unserer Website zu blockieren.<\/p>\n<h2>Ihre Rechte<\/h2>\n<p>Sie haben das Recht, Zugang zu Ihren pers\u00f6nlichen Daten zu beantragen, sowie deren Berichtigung, L\u00f6schung oder Einschr\u00e4nkung der Verarbeitung. Sie haben auch das Recht, der Verarbeitung Ihrer pers\u00f6nlichen Daten zu widersprechen und das Recht auf Daten\u00fcbertragbarkeit.<\/p>\n<p>Wenn Sie eines dieser Rechte aus\u00fcben m\u00f6chten, kontaktieren Sie uns bitte \u00fcber die auf unserer Website angegebenen Kontaktdaten.<\/p>\n<h2>Datenschutzerkl\u00e4rung zur Verwendung von Google Analytics<\/h2>\n<p>Diese Website verwendet Google Analytics, einen Webanalysedienst der Google Inc. (&#8220;Google&#8221;). Google Analytics verwendet &#8220;Cookies&#8221;, Textdateien, die auf Ihrem Computer gespeichert werden und die eine Analyse der Benutzung der Website erm\u00f6glichen. Die durch das Cookie erzeugten Informationen \u00fcber Ihre Benutzung dieser Website werden in der Regel an einen Server von Google in den USA \u00fcbertragen und dort gespeichert. Wenn die IP-Anonymisierung auf dieser Website aktiviert ist, wird Ihre IP-Adresse von Google jedoch innerhalb von Mitgliedstaaten der Europ\u00e4ischen Union oder in anderen Vertragsstaaten des Abkommens \u00fcber den Europ\u00e4ischen Wirtschaftsraum zuvor gek\u00fcrzt.<\/p>\n<p>Nur in Ausnahmef\u00e4llen wird die volle IP-Adresse an einen Server von Google in den USA \u00fcbertragen und dort gek\u00fcrzt. Google wird diese Informationen benutzen, um Ihre Nutzung der Website auszuwerten, um Reports \u00fcber die Websiteaktivit\u00e4ten f\u00fcr die Websitebetreiber zusammenzustellen und um weitere mit der Websitenutzung und der Internetnutzung verbundene Dienstleistungen zu erbringen. Auch wird Google diese Informationen gegebenenfalls an Dritte \u00fcbertragen, sofern dies gesetzlich vorgeschrieben oder soweit Dritte diese Daten im Auftrag von Google verarbeiten. Die im Rahmen von Google Analytics von Ihrem Browser \u00fcbermittelte IP-Adresse wird nicht mit anderen Daten von Google zusammengef\u00fchrt.<\/p>\n<p>Sie k\u00f6nnen die Installation der Cookies durch eine entsprechende Einstellung Ihrer Browser-Software verhindern; wir weisen Sie jedoch darauf hin, dass Sie in diesem Fall gegebenenfalls nicht s\u00e4mtliche Funktionen dieser Website vollumf\u00e4nglich nutzen k\u00f6nnen. Durch die Nutzung dieser Website erkl\u00e4ren Sie sich mit der Bearbeitung der \u00fcber Sie erhobenen Daten durch Google in der zuvor beschriebenen Art und Weise und zu dem zuvor benannten Zweck einverstanden.<\/p>\n<h2>Datenaufbewahrung<\/h2>\n<p>Wir bewahren Ihre pers\u00f6nlichen Daten so lange auf, wie es notwendig ist, um unsere Dienstleistungen zu erbringen, gesetzlichen Verpflichtungen nachzukommen, Streitigkeiten beizulegen und unsere Rechte und unser Eigentum zu sch\u00fctzen.<\/p>\n<h2>Datensicherheit<\/h2>\n<p>Wir ergreifen geeignete technische und organisatorische Ma\u00dfnahmen, um Ihre pers\u00f6nlichen Daten vor Verlust, unbefugtem Zugriff, Offenlegung, \u00c4nderung oder unbefugter Zerst\u00f6rung zu sch\u00fctzen.<\/p>\n<h2>\u00c4nderungen dieser Datenschutzrichtlinie<\/h2>\n<p>Wir behalten uns das Recht vor, diese Datenschutzrichtlinie jederzeit zu \u00e4ndern. \u00c4nderungen werden auf unserer Website ver\u00f6ffentlicht und treten mit ihrer Ver\u00f6ffentlichung in Kraft. Daher empfehlen wir Ihnen, unsere Website regelm\u00e4\u00dfig zu besuchen, um sich \u00fcber m\u00f6gliche \u00c4nderungen zu informieren.<\/p>\n<h2>Kontakt<\/h2>\n<p>F\u00fcr Fragen oder Anfragen bez\u00fcglich dieser Datenschutzrichtlinie oder der Verarbeitung Ihrer pers\u00f6nlichen Daten wenden Sie sich bitte an uns \u00fcber die Kontaktdaten, die auf unserer Website angegeben sind.<\/p>\n<p>Durch die Nutzung unserer Website erkl\u00e4ren Sie sich mit der Verarbeitung Ihrer pers\u00f6nlichen Daten gem\u00e4\u00df dieser Datenschutzrichtlinie einverstanden.<\/p>\n<\/div><\/section><\/p><\/div>\n","protected":false},"excerpt":{"rendered":"","protected":false},"author":1,"featured_media":0,"parent":0,"menu_order":0,"comment_status":"closed","ping_status":"closed","template":"","meta":{"_acf_changed":false,"footnotes":""},"class_list":["post-9132","page","type-page","status-publish","hentry"],"acf":[],"yoast_head":"<!-- This site is optimized with the Yoast SEO plugin v24.9 - https:\/\/yoast.com\/wordpress\/plugins\/seo\/ -->\n<title>Datenschutzrichtlinie - swisNot - Le r\u00e9seau notarial suisse<\/title>\n<meta name=\"description\" content=\"swisNot, le r\u00e9seau notarial suisse, votre partenaire en mati\u00e8re juridique et fiscale\" \/>\n<meta name=\"robots\" content=\"noindex, follow\" \/>\n<meta property=\"og:locale\" content=\"de_DE\" \/>\n<meta property=\"og:type\" content=\"article\" \/>\n<meta property=\"og:title\" content=\"Datenschutzrichtlinie - swisNot - Le r\u00e9seau notarial suisse\" \/>\n<meta property=\"og:description\" content=\"swisNot, le r\u00e9seau notarial suisse, votre partenaire en mati\u00e8re juridique et fiscale\" \/>\n<meta property=\"og:url\" content=\"https:\/\/www.swisnot.ch\/de\/datenschutzrichtlinie\/\" \/>\n<meta property=\"og:site_name\" content=\"swisNot - Le r\u00e9seau notarial suisse\" \/>\n<meta property=\"article:modified_time\" content=\"2023-08-30T08:16:46+00:00\" \/>\n<meta name=\"twitter:card\" content=\"summary_large_image\" \/>\n<meta name=\"twitter:label1\" content=\"Est. reading time\" \/>\n\t<meta name=\"twitter:data1\" content=\"7 minutes\" \/>\n<script type=\"application\/ld+json\" class=\"yoast-schema-graph\">{\"@context\":\"https:\/\/schema.org\",\"@graph\":[{\"@type\":\"WebPage\",\"@id\":\"https:\/\/www.swisnot.ch\/de\/datenschutzrichtlinie\/\",\"url\":\"https:\/\/www.swisnot.ch\/de\/datenschutzrichtlinie\/\",\"name\":\"Datenschutzrichtlinie - swisNot - Le r\u00e9seau notarial suisse\",\"isPartOf\":{\"@id\":\"https:\/\/www.swisnot.ch\/de\/#website\"},\"datePublished\":\"2023-08-30T08:16:45+00:00\",\"dateModified\":\"2023-08-30T08:16:46+00:00\",\"description\":\"swisNot, le r\u00e9seau notarial suisse, votre partenaire en mati\u00e8re juridique et fiscale\",\"breadcrumb\":{\"@id\":\"https:\/\/www.swisnot.ch\/de\/datenschutzrichtlinie\/#breadcrumb\"},\"inLanguage\":\"de-DE\",\"potentialAction\":[{\"@type\":\"ReadAction\",\"target\":[\"https:\/\/www.swisnot.ch\/de\/datenschutzrichtlinie\/\"]}]},{\"@type\":\"BreadcrumbList\",\"@id\":\"https:\/\/www.swisnot.ch\/de\/datenschutzrichtlinie\/#breadcrumb\",\"itemListElement\":[{\"@type\":\"ListItem\",\"position\":1,\"name\":\"Accueil\",\"item\":\"https:\/\/www.swisnot.ch\/de\/home\/\"},{\"@type\":\"ListItem\",\"position\":2,\"name\":\"Datenschutzrichtlinie\"}]},{\"@type\":\"WebSite\",\"@id\":\"https:\/\/www.swisnot.ch\/de\/#website\",\"url\":\"https:\/\/www.swisnot.ch\/de\/\",\"name\":\"swisNot - Le r\u00e9seau notarial suisse\",\"description\":\"Votre partenaire en mati\u00e8re juridique et fiscale\",\"potentialAction\":[{\"@type\":\"SearchAction\",\"target\":{\"@type\":\"EntryPoint\",\"urlTemplate\":\"https:\/\/www.swisnot.ch\/de\/?s={search_term_string}\"},\"query-input\":{\"@type\":\"PropertyValueSpecification\",\"valueRequired\":true,\"valueName\":\"search_term_string\"}}],\"inLanguage\":\"de-DE\"}]}<\/script>\n<!-- \/ Yoast SEO plugin. -->","yoast_head_json":{"title":"Datenschutzrichtlinie - swisNot - Le r\u00e9seau notarial suisse","description":"swisNot, le r\u00e9seau notarial suisse, votre partenaire en mati\u00e8re juridique et fiscale","robots":{"index":"noindex","follow":"follow"},"og_locale":"de_DE","og_type":"article","og_title":"Datenschutzrichtlinie - swisNot - Le r\u00e9seau notarial suisse","og_description":"swisNot, le r\u00e9seau notarial suisse, votre partenaire en mati\u00e8re juridique et fiscale","og_url":"https:\/\/www.swisnot.ch\/de\/datenschutzrichtlinie\/","og_site_name":"swisNot - Le r\u00e9seau notarial suisse","article_modified_time":"2023-08-30T08:16:46+00:00","twitter_card":"summary_large_image","twitter_misc":{"Est. reading time":"7 minutes"},"schema":{"@context":"https:\/\/schema.org","@graph":[{"@type":"WebPage","@id":"https:\/\/www.swisnot.ch\/de\/datenschutzrichtlinie\/","url":"https:\/\/www.swisnot.ch\/de\/datenschutzrichtlinie\/","name":"Datenschutzrichtlinie - swisNot - Le r\u00e9seau notarial suisse","isPartOf":{"@id":"https:\/\/www.swisnot.ch\/de\/#website"},"datePublished":"2023-08-30T08:16:45+00:00","dateModified":"2023-08-30T08:16:46+00:00","description":"swisNot, le r\u00e9seau notarial suisse, votre partenaire en mati\u00e8re juridique et fiscale","breadcrumb":{"@id":"https:\/\/www.swisnot.ch\/de\/datenschutzrichtlinie\/#breadcrumb"},"inLanguage":"de-DE","potentialAction":[{"@type":"ReadAction","target":["https:\/\/www.swisnot.ch\/de\/datenschutzrichtlinie\/"]}]},{"@type":"BreadcrumbList","@id":"https:\/\/www.swisnot.ch\/de\/datenschutzrichtlinie\/#breadcrumb","itemListElement":[{"@type":"ListItem","position":1,"name":"Accueil","item":"https:\/\/www.swisnot.ch\/de\/home\/"},{"@type":"ListItem","position":2,"name":"Datenschutzrichtlinie"}]},{"@type":"WebSite","@id":"https:\/\/www.swisnot.ch\/de\/#website","url":"https:\/\/www.swisnot.ch\/de\/","name":"swisNot - Le r\u00e9seau notarial suisse","description":"Votre partenaire en mati\u00e8re juridique et fiscale","potentialAction":[{"@type":"SearchAction","target":{"@type":"EntryPoint","urlTemplate":"https:\/\/www.swisnot.ch\/de\/?s={search_term_string}"},"query-input":{"@type":"PropertyValueSpecification","valueRequired":true,"valueName":"search_term_string"}}],"inLanguage":"de-DE"}]}},"_links":{"self":[{"href":"https:\/\/www.swisnot.ch\/de\/wp-json\/wp\/v2\/pages\/9132","targetHints":{"allow":["GET"]}}],"collection":[{"href":"https:\/\/www.swisnot.ch\/de\/wp-json\/wp\/v2\/pages"}],"about":[{"href":"https:\/\/www.swisnot.ch\/de\/wp-json\/wp\/v2\/types\/page"}],"author":[{"embeddable":true,"href":"https:\/\/www.swisnot.ch\/de\/wp-json\/wp\/v2\/users\/1"}],"replies":[{"embeddable":true,"href":"https:\/\/www.swisnot.ch\/de\/wp-json\/wp\/v2\/comments?post=9132"}],"version-history":[{"count":2,"href":"https:\/\/www.swisnot.ch\/de\/wp-json\/wp\/v2\/pages\/9132\/revisions"}],"predecessor-version":[{"id":9134,"href":"https:\/\/www.swisnot.ch\/de\/wp-json\/wp\/v2\/pages\/9132\/revisions\/9134"}],"wp:attachment":[{"href":"https:\/\/www.swisnot.ch\/de\/wp-json\/wp\/v2\/media?parent=9132"}],"curies":[{"name":"wp","href":"https:\/\/api.w.org\/{rel}","templated":true}]}}