{"id":6767,"date":"2021-05-26T14:00:15","date_gmt":"2021-05-26T13:00:15","guid":{"rendered":"https:\/\/swisnot.trisdemo.ch\/creer-sa-s-a-ou-sarl-avec-swisnot\/"},"modified":"2021-06-03T10:57:15","modified_gmt":"2021-06-03T09:57:15","slug":"gruenden-sie-ihre-ag-oder-gmbh-mit-swisnot","status":"publish","type":"page","link":"https:\/\/www.swisnot.ch\/de\/gruenden-sie-ihre-ag-oder-gmbh-mit-swisnot\/","title":{"rendered":"Gr\u00fcnden Sie ihre AG oder GmbH mit swisNot"},"content":{"rendered":"<div id='av_section_1'  class='avia-section av-egzmi0-d1f3b37e3f3a96c827e303d3c27f178a main_color avia-section-default avia-no-border-styling  avia-builder-el-0  avia-builder-el-no-sibling  avia-bg-style-scroll container_wrap fullsize'  ><div class='container av-section-cont-open' ><main  role=\"main\" itemprop=\"mainContentOfPage\"  class='template-page content  av-content-full alpha units'><div class='post-entry post-entry-type-page post-entry-6767'><div class='entry-content-wrapper clearfix'>\n\n<style type=\"text\/css\" data-created_by=\"avia_inline_auto\" id=\"style-css-av-21zl88-ec5fb4956a56805c61b2a090b460fe99\">\n.flex_column.av-21zl88-ec5fb4956a56805c61b2a090b460fe99{\nborder-radius:0px 0px 0px 0px;\npadding:0px 0px 0px 0px;\n}\n<\/style>\n<div  class='flex_column av-21zl88-ec5fb4956a56805c61b2a090b460fe99 av_one_full  avia-builder-el-1  el_before_av_one_full  avia-builder-el-first  first flex_column_div av-zero-column-padding  '     ><p>\n<style type=\"text\/css\" data-created_by=\"avia_inline_auto\" id=\"style-css-av-kp580l8k-87c1c9a3feeb19adac6a5e84f10c304f\">\n#top .av-special-heading.av-kp580l8k-87c1c9a3feeb19adac6a5e84f10c304f{\npadding-bottom:10px;\n}\nbody .av-special-heading.av-kp580l8k-87c1c9a3feeb19adac6a5e84f10c304f .av-special-heading-tag .heading-char{\nfont-size:25px;\n}\n.av-special-heading.av-kp580l8k-87c1c9a3feeb19adac6a5e84f10c304f .av-subheading{\nfont-size:15px;\n}\n<\/style>\n<div  class='av-special-heading av-kp580l8k-87c1c9a3feeb19adac6a5e84f10c304f av-special-heading-h1 blockquote modern-quote  avia-builder-el-2  el_before_av_textblock  avia-builder-el-first  trs-special-underline'><h1 class='av-special-heading-tag '  itemprop=\"headline\"  >Gr\u00fcnden Sie ihre AG oder GmbH<\/h1><div class=\"special-heading-border\"><div class=\"special-heading-inner-border\"><\/div><\/div><\/div><br \/>\n<section  class='av_textblock_section av-5nheyq-32d554587264bea4915484382799233a '   itemscope=\"itemscope\" itemtype=\"https:\/\/schema.org\/CreativeWork\" ><div class='avia_textblock'  itemprop=\"text\" ><div id=\"content\">\n<div class=\"site_center withbackground\">\n<div id=\"contentwrap\">\n<div class=\"item-page\">\n<div>\n<p>Die <strong>Aktiengesellschaft (AG)<\/strong> und die <strong>Gesellschaft mit beschr\u00e4nkter Haftung (GmbH)<\/strong> sind Kapitalgesellschaften. Sie m\u00fcssen einen Firmennamen, einen Schweizer Sitz, einen Gesellschaftszweck und ein in Aktien oder in Stammanteilen aufgeteiltes Kapital (jeweils mit einem bestimmten Nennwert) haben.<\/p>\n<p>Deren Errichtung erfolgt in Form einer \u00f6ffentlichen Urkunde, das heisst also in Anwesenheit eines Notars, wobei sich das Notariatsb\u00fcro nicht notwendigerweise in der Ortschaft oder dem Kanton des Gesellschaftssitzes befinden muss.<\/p>\n<p>F\u00fcr die Errichtung der Gesellschaft bedarf es lediglich eines Gr\u00fcnders, unabh\u00e4ngig von seinem Wohnsitz und seiner Staatsangeh\u00f6rigkeit.<\/p>\n<p>Nicht von Bedeutung sind auch der Wohnsitz und die Staatsangeh\u00f6rigkeit ihrer Verwaltungsratsmitglieder oder Gesch\u00e4ftsf\u00fchrer. Allerdings m\u00fcssen die Gesellschaften durch eine Person (Verwaltungsratsmitglied oder Gesch\u00e4ftsf\u00fchrer oder Direktor) vertreten werden k\u00f6nnen, die in der Schweiz ihren Wohnsitz hat.<\/p>\n<p>Die AG\u2019s k\u00f6nnen in GmbH\u2019s umgewandelt werden, und umgekehrt.<\/p>\n<p>Ihre Besteuerung h\u00e4ngt nicht von der gew\u00e4hlten Rechtsform ab.<\/p>\n<p>Die wichtigsten Unterscheidungsmerkmale sind die Folgenden:<\/p>\n<\/div>\n<\/div>\n<\/div>\n<table class=\"sn_displaytable\" border=\"0\">\n<tbody>\n<tr>\n<td style=\"width: 40%;\"><\/td>\n<td style=\"width: 30%;\"><strong>SA<\/strong><\/td>\n<td style=\"width: 30%;\"><strong>S\u00e0rl<\/strong><\/td>\n<\/tr>\n<tr>\n<td><strong>Mindestnennwert des Kapitals<\/strong><\/td>\n<td>CHF 100&#8217;000.\u2014<\/td>\n<td>CHF 20&#8217;000.\u2014<\/td>\n<\/tr>\n<tr>\n<td><strong>Mindestbetrag, der zu liberieren ist<\/strong><\/td>\n<td>CHF 50&#8217;000.\u2014<\/td>\n<td>CHF 20&#8217;000.\u2014<\/td>\n<\/tr>\n<tr>\n<td><strong>Mindestnennwert der Aktien oder Stammanteile<\/strong><\/td>\n<td>CHF 0.01<\/td>\n<td>CHF 100.\u2014<\/td>\n<\/tr>\n<tr>\n<td><strong>Sichtbarkeit der Akteure<\/strong><\/td>\n<td>Anonymit\u00e4t der Aktion\u00e4re<\/td>\n<td>Die Gesellschafter sind im Handelsregister eingetragen<\/td>\n<\/tr>\n<tr>\n<td><strong>Nebenleistungspflichten<\/strong><\/td>\n<td>Ausgeschlossen<\/td>\n<td>M\u00f6glich, sofern in den Statuten vorgesehen<\/td>\n<\/tr>\n<tr>\n<td><strong>Vetorecht<\/strong><\/td>\n<td>Ausgeschlossen<\/td>\n<td>M\u00f6glich, sofern in den Statuten vorgesehen<\/td>\n<\/tr>\n<tr>\n<td><strong>Bemerkungen<\/strong><\/td>\n<td>Es handelt sich vor allem um eine finanzielle Beteiligung und um eine offene Gesellschaft.<\/td>\n<td>Es handelt sich oft um eine Gesellschaft mit personenbezogenem Charakter (Familiengesellschaften). Der Zugang kann durch statutarische Bestimmungen eingeschr\u00e4nkt werden (Kaufs-, Vorkaufs- und Vorzugsrecht).<\/td>\n<\/tr>\n<\/tbody>\n<\/table>\n<\/div>\n<\/div>\n<\/div><\/section><\/p><\/div>\n<style type=\"text\/css\" data-created_by=\"avia_inline_auto\" id=\"style-css-av-os5qq-04ed5d5d13b74f353b4eb17b5e5cc8cc\">\n.flex_column.av-os5qq-04ed5d5d13b74f353b4eb17b5e5cc8cc{\nborder-radius:0px 0px 0px 0px;\npadding:0px 0px 0px 0px;\n}\n<\/style>\n<div  class='flex_column av-os5qq-04ed5d5d13b74f353b4eb17b5e5cc8cc av_one_full  avia-builder-el-4  el_after_av_one_full  avia-builder-el-last  first flex_column_div av-zero-column-padding  column-top-margin'     ><p>\n<style type=\"text\/css\" data-created_by=\"avia_inline_auto\" id=\"style-css-av-4ay5qa-c16463acaa935266ae3fc469820f6373\">\n#top .av-special-heading.av-4ay5qa-c16463acaa935266ae3fc469820f6373{\npadding-bottom:10px;\n}\nbody .av-special-heading.av-4ay5qa-c16463acaa935266ae3fc469820f6373 .av-special-heading-tag .heading-char{\nfont-size:25px;\n}\n.av-special-heading.av-4ay5qa-c16463acaa935266ae3fc469820f6373 .av-subheading{\nfont-size:15px;\n}\n<\/style>\n<div  class='av-special-heading av-4ay5qa-c16463acaa935266ae3fc469820f6373 av-special-heading-h3 blockquote modern-quote  avia-builder-el-5  el_before_av_textblock  avia-builder-el-first  trs-special-underline'><h3 class='av-special-heading-tag '  itemprop=\"headline\"  >Bereiten Sie Ihre AG oder GmbH<\/h3><div class=\"special-heading-border\"><div class=\"special-heading-inner-border\"><\/div><\/div><\/div><br \/>\n<section  class='av_textblock_section av-2n9o1u-568d3a801c4c9876969b2bec85e230d3 '   itemscope=\"itemscope\" itemtype=\"https:\/\/schema.org\/CreativeWork\" ><div class='avia_textblock'  itemprop=\"text\" ><p>Bitte beantworten Sie die folgenden Fragen. Ihr Notar wird sich dann mit Ihnen in Verbindung setzen, um Sie pers\u00f6nlich zu beraten.<\/p>\n<\/div><\/section><br \/>\n<\/p><\/div>\n","protected":false},"excerpt":{"rendered":"","protected":false},"author":1,"featured_media":0,"parent":0,"menu_order":0,"comment_status":"closed","ping_status":"closed","template":"","meta":{"_acf_changed":false,"footnotes":""},"class_list":["post-6767","page","type-page","status-publish","hentry"],"acf":[],"yoast_head":"<!-- This site is optimized with the Yoast SEO plugin v24.9 - https:\/\/yoast.com\/wordpress\/plugins\/seo\/ -->\n<title>Gr\u00fcnden Sie ihre AG oder GmbH mit swisNot - swisNot - Le r\u00e9seau notarial suisse<\/title>\n<meta name=\"description\" content=\"swisNot, le r\u00e9seau notarial suisse, votre partenaire en mati\u00e8re juridique et fiscale\" \/>\n<meta name=\"robots\" content=\"index, follow, max-snippet:-1, max-image-preview:large, max-video-preview:-1\" \/>\n<link rel=\"canonical\" href=\"https:\/\/www.swisnot.ch\/de\/gruenden-sie-ihre-ag-oder-gmbh-mit-swisnot\/\" \/>\n<meta property=\"og:locale\" content=\"de_DE\" \/>\n<meta property=\"og:type\" content=\"article\" \/>\n<meta property=\"og:title\" content=\"Gr\u00fcnden Sie ihre AG oder GmbH mit swisNot - swisNot - Le r\u00e9seau notarial suisse\" \/>\n<meta property=\"og:description\" content=\"swisNot, le r\u00e9seau notarial suisse, votre partenaire en mati\u00e8re juridique et fiscale\" \/>\n<meta property=\"og:url\" content=\"https:\/\/www.swisnot.ch\/de\/gruenden-sie-ihre-ag-oder-gmbh-mit-swisnot\/\" \/>\n<meta property=\"og:site_name\" content=\"swisNot - Le r\u00e9seau notarial suisse\" \/>\n<meta property=\"article:modified_time\" content=\"2021-06-03T09:57:15+00:00\" \/>\n<meta name=\"twitter:card\" content=\"summary_large_image\" \/>\n<meta name=\"twitter:label1\" content=\"Est. reading time\" \/>\n\t<meta name=\"twitter:data1\" content=\"5 minutes\" \/>\n<script type=\"application\/ld+json\" class=\"yoast-schema-graph\">{\"@context\":\"https:\/\/schema.org\",\"@graph\":[{\"@type\":\"WebPage\",\"@id\":\"https:\/\/www.swisnot.ch\/de\/gruenden-sie-ihre-ag-oder-gmbh-mit-swisnot\/\",\"url\":\"https:\/\/www.swisnot.ch\/de\/gruenden-sie-ihre-ag-oder-gmbh-mit-swisnot\/\",\"name\":\"Gr\u00fcnden Sie ihre AG oder GmbH mit swisNot - swisNot - Le r\u00e9seau notarial suisse\",\"isPartOf\":{\"@id\":\"https:\/\/www.swisnot.ch\/de\/#website\"},\"datePublished\":\"2021-05-26T13:00:15+00:00\",\"dateModified\":\"2021-06-03T09:57:15+00:00\",\"description\":\"swisNot, le r\u00e9seau notarial suisse, votre partenaire en mati\u00e8re juridique et fiscale\",\"breadcrumb\":{\"@id\":\"https:\/\/www.swisnot.ch\/de\/gruenden-sie-ihre-ag-oder-gmbh-mit-swisnot\/#breadcrumb\"},\"inLanguage\":\"de-DE\",\"potentialAction\":[{\"@type\":\"ReadAction\",\"target\":[\"https:\/\/www.swisnot.ch\/de\/gruenden-sie-ihre-ag-oder-gmbh-mit-swisnot\/\"]}]},{\"@type\":\"BreadcrumbList\",\"@id\":\"https:\/\/www.swisnot.ch\/de\/gruenden-sie-ihre-ag-oder-gmbh-mit-swisnot\/#breadcrumb\",\"itemListElement\":[{\"@type\":\"ListItem\",\"position\":1,\"name\":\"Accueil\",\"item\":\"https:\/\/www.swisnot.ch\/de\/home\/\"},{\"@type\":\"ListItem\",\"position\":2,\"name\":\"Gr\u00fcnden Sie ihre AG oder GmbH mit swisNot\"}]},{\"@type\":\"WebSite\",\"@id\":\"https:\/\/www.swisnot.ch\/de\/#website\",\"url\":\"https:\/\/www.swisnot.ch\/de\/\",\"name\":\"swisNot - Le r\u00e9seau notarial suisse\",\"description\":\"Votre partenaire en mati\u00e8re juridique et fiscale\",\"potentialAction\":[{\"@type\":\"SearchAction\",\"target\":{\"@type\":\"EntryPoint\",\"urlTemplate\":\"https:\/\/www.swisnot.ch\/de\/?s={search_term_string}\"},\"query-input\":{\"@type\":\"PropertyValueSpecification\",\"valueRequired\":true,\"valueName\":\"search_term_string\"}}],\"inLanguage\":\"de-DE\"}]}<\/script>\n<!-- \/ Yoast SEO plugin. -->","yoast_head_json":{"title":"Gr\u00fcnden Sie ihre AG oder GmbH mit swisNot - swisNot - Le r\u00e9seau notarial suisse","description":"swisNot, le r\u00e9seau notarial suisse, votre partenaire en mati\u00e8re juridique et fiscale","robots":{"index":"index","follow":"follow","max-snippet":"max-snippet:-1","max-image-preview":"max-image-preview:large","max-video-preview":"max-video-preview:-1"},"canonical":"https:\/\/www.swisnot.ch\/de\/gruenden-sie-ihre-ag-oder-gmbh-mit-swisnot\/","og_locale":"de_DE","og_type":"article","og_title":"Gr\u00fcnden Sie ihre AG oder GmbH mit swisNot - swisNot - Le r\u00e9seau notarial suisse","og_description":"swisNot, le r\u00e9seau notarial suisse, votre partenaire en mati\u00e8re juridique et fiscale","og_url":"https:\/\/www.swisnot.ch\/de\/gruenden-sie-ihre-ag-oder-gmbh-mit-swisnot\/","og_site_name":"swisNot - Le r\u00e9seau notarial suisse","article_modified_time":"2021-06-03T09:57:15+00:00","twitter_card":"summary_large_image","twitter_misc":{"Est. reading time":"5 minutes"},"schema":{"@context":"https:\/\/schema.org","@graph":[{"@type":"WebPage","@id":"https:\/\/www.swisnot.ch\/de\/gruenden-sie-ihre-ag-oder-gmbh-mit-swisnot\/","url":"https:\/\/www.swisnot.ch\/de\/gruenden-sie-ihre-ag-oder-gmbh-mit-swisnot\/","name":"Gr\u00fcnden Sie ihre AG oder GmbH mit swisNot - swisNot - Le r\u00e9seau notarial suisse","isPartOf":{"@id":"https:\/\/www.swisnot.ch\/de\/#website"},"datePublished":"2021-05-26T13:00:15+00:00","dateModified":"2021-06-03T09:57:15+00:00","description":"swisNot, le r\u00e9seau notarial suisse, votre partenaire en mati\u00e8re juridique et fiscale","breadcrumb":{"@id":"https:\/\/www.swisnot.ch\/de\/gruenden-sie-ihre-ag-oder-gmbh-mit-swisnot\/#breadcrumb"},"inLanguage":"de-DE","potentialAction":[{"@type":"ReadAction","target":["https:\/\/www.swisnot.ch\/de\/gruenden-sie-ihre-ag-oder-gmbh-mit-swisnot\/"]}]},{"@type":"BreadcrumbList","@id":"https:\/\/www.swisnot.ch\/de\/gruenden-sie-ihre-ag-oder-gmbh-mit-swisnot\/#breadcrumb","itemListElement":[{"@type":"ListItem","position":1,"name":"Accueil","item":"https:\/\/www.swisnot.ch\/de\/home\/"},{"@type":"ListItem","position":2,"name":"Gr\u00fcnden Sie ihre AG oder GmbH mit swisNot"}]},{"@type":"WebSite","@id":"https:\/\/www.swisnot.ch\/de\/#website","url":"https:\/\/www.swisnot.ch\/de\/","name":"swisNot - Le r\u00e9seau notarial suisse","description":"Votre partenaire en mati\u00e8re juridique et fiscale","potentialAction":[{"@type":"SearchAction","target":{"@type":"EntryPoint","urlTemplate":"https:\/\/www.swisnot.ch\/de\/?s={search_term_string}"},"query-input":{"@type":"PropertyValueSpecification","valueRequired":true,"valueName":"search_term_string"}}],"inLanguage":"de-DE"}]}},"_links":{"self":[{"href":"https:\/\/www.swisnot.ch\/de\/wp-json\/wp\/v2\/pages\/6767","targetHints":{"allow":["GET"]}}],"collection":[{"href":"https:\/\/www.swisnot.ch\/de\/wp-json\/wp\/v2\/pages"}],"about":[{"href":"https:\/\/www.swisnot.ch\/de\/wp-json\/wp\/v2\/types\/page"}],"author":[{"embeddable":true,"href":"https:\/\/www.swisnot.ch\/de\/wp-json\/wp\/v2\/users\/1"}],"replies":[{"embeddable":true,"href":"https:\/\/www.swisnot.ch\/de\/wp-json\/wp\/v2\/comments?post=6767"}],"version-history":[{"count":3,"href":"https:\/\/www.swisnot.ch\/de\/wp-json\/wp\/v2\/pages\/6767\/revisions"}],"predecessor-version":[{"id":8049,"href":"https:\/\/www.swisnot.ch\/de\/wp-json\/wp\/v2\/pages\/6767\/revisions\/8049"}],"wp:attachment":[{"href":"https:\/\/www.swisnot.ch\/de\/wp-json\/wp\/v2\/media?parent=6767"}],"curies":[{"name":"wp","href":"https:\/\/api.w.org\/{rel}","templated":true}]}}