{"id":4873,"date":"2016-01-09T17:57:15","date_gmt":"2016-01-09T16:57:15","guid":{"rendered":"https:\/\/swisnot.trisdemo.ch\/domaines-activite\/"},"modified":"2021-11-15T15:45:37","modified_gmt":"2021-11-15T14:45:37","slug":"taetigkeitsfelder","status":"publish","type":"page","link":"https:\/\/www.swisnot.ch\/de\/taetigkeitsfelder\/","title":{"rendered":"T\u00e4tigkeitsfelder"},"content":{"rendered":"<div id='av_section_1'  class='avia-section av-6xkw0-1d01e1bb5307b920b13ecccba0e10c89 main_color avia-section-default avia-no-border-styling  avia-builder-el-0  avia-builder-el-no-sibling  avia-bg-style-scroll container_wrap fullsize'  ><div class='container av-section-cont-open' ><main  role=\"main\" itemprop=\"mainContentOfPage\"  class='template-page content  av-content-full alpha units'><div class='post-entry post-entry-type-page post-entry-4873'><div class='entry-content-wrapper clearfix'>\n\n<style type=\"text\/css\" data-created_by=\"avia_inline_auto\" id=\"style-css-av-37chio-5c41cb78992c0694e7d0140d3e5f4371\">\n.flex_column.av-37chio-5c41cb78992c0694e7d0140d3e5f4371{\nborder-radius:0px 0px 0px 0px;\npadding:0px 0px 0px 0px;\n}\n<\/style>\n<div  class='flex_column av-37chio-5c41cb78992c0694e7d0140d3e5f4371 av_one_full  avia-builder-el-1  avia-builder-el-no-sibling  first flex_column_div av-zero-column-padding  '     ><p>\n<style type=\"text\/css\" data-created_by=\"avia_inline_auto\" id=\"style-css-av-83eag-fd70d5d99c3d90b1ae157d7d724bdb91\">\n#top .av-special-heading.av-83eag-fd70d5d99c3d90b1ae157d7d724bdb91{\npadding-bottom:10px;\n}\nbody .av-special-heading.av-83eag-fd70d5d99c3d90b1ae157d7d724bdb91 .av-special-heading-tag .heading-char{\nfont-size:25px;\n}\n.av-special-heading.av-83eag-fd70d5d99c3d90b1ae157d7d724bdb91 .av-subheading{\nfont-size:15px;\n}\n<\/style>\n<div  class='av-special-heading av-83eag-fd70d5d99c3d90b1ae157d7d724bdb91 av-special-heading-h1 blockquote modern-quote  avia-builder-el-2  el_before_av_portfolio  avia-builder-el-no-sibling  trs-special-underline av-linked-heading'><h1 class='av-special-heading-tag '  itemprop=\"headline\"  >T\u00e4tigkeitsfelder<\/h1><div class=\"special-heading-border\"><div class=\"special-heading-inner-border\"><\/div><\/div><\/div><br \/>\n<div  id=\"av-sc-portfolio-1\"  class=\"av-portfolio-grid-sorting-container\"><div class='sort_width_container  av-sort-yes' data-portfolio-id='1' ><div id='js_sort_items' ><div class='sort_by_cat hidden '><a href=\"#\" data-filter=\"all_sort\" class=\"all_sort_button active_sort\"><span class=\"inner_sort_button\"><span>The whole team<\/span><small class=\"av-cat-count\"> 7 <\/small><\/span><\/a><span class='text-sep domaines-activite-de_sort_sep'>\/<\/span><a href=\"#\" data-filter=\"domaines-activite-de_sort\" class=\"domaines-activite-de_sort_button\" ><span class=\"inner_sort_button\"><span>Domaines d&#8217;activit\u00e9<\/span><small class='av-cat-count'> 7 <\/small><\/span><\/a><\/div><\/div><\/div><div  class='activity_domain_grid grid-sort-container isotope   no_margin-container with-excerpt-container grid-total-odd grid-col-4 grid-links-' data-portfolio-id='1'><div data-ajax-id='4939' class=' grid-entry flex_column isotope-item all_sort no_margin post-entry post-entry-4939 grid-entry-overview grid-loop-1 grid-parity-odd  domaines-activite-de_sort  av_one_fourth first default_av_fullwidth '><article class='main_color inner-entry'  itemscope=\"itemscope\" itemtype=\"https:\/\/schema.org\/CreativeWork\" ><a href='https:\/\/www.swisnot.ch\/de\/domaines\/verschiedene-akte\/' title='Verschiedene Akte'  data-rel='grid-1' class='grid-image avia-hover-fx'> <img decoding=\"async\" fetchpriority=\"high\" width=\"260\" height=\"185\" src=\"https:\/\/www.swisnot.ch\/wp\/wp-content\/uploads\/2021\/05\/Legalisation-swisNot-260x185.jpg\" class=\"wp-image-3540 avia-img-lazy-loading-not-3540 attachment-portfolio_small size-portfolio_small wp-post-image\" alt=\"\" \/><\/a><div class='grid-content'><div class='avia-arrow'><\/div><header class=\"entry-content-header\"><h3 class='grid-entry-title entry-title '  itemprop=\"headline\" ><a href='https:\/\/www.swisnot.ch\/de\/domaines\/verschiedene-akte\/' title='Verschiedene Akte'>Verschiedene Akte<\/a><\/h3><\/header><\/div><footer class=\"entry-footer\"><\/footer><\/article><\/div><div data-ajax-id='4298' class=' grid-entry flex_column isotope-item all_sort no_margin post-entry post-entry-4298 grid-entry-overview grid-loop-2 grid-parity-even  domaines-activite-de_sort  av_one_fourth  default_av_fullwidth '><article class='main_color inner-entry'  itemscope=\"itemscope\" itemtype=\"https:\/\/schema.org\/CreativeWork\" ><a href='https:\/\/www.swisnot.ch\/de\/domaines\/stiftungen-vereine-trust\/' title='Stiftungen, Vereine, Trust'  data-rel='grid-1' class='grid-image avia-hover-fx'> <img decoding=\"async\" fetchpriority=\"high\" width=\"260\" height=\"185\" src=\"https:\/\/www.swisnot.ch\/wp\/wp-content\/uploads\/2021\/05\/Fondation-trust-swisNot-260x185.jpg\" class=\"wp-image-3522 avia-img-lazy-loading-not-3522 attachment-portfolio_small size-portfolio_small wp-post-image\" alt=\"\" \/><\/a><div class='grid-content'><div class='avia-arrow'><\/div><header class=\"entry-content-header\"><h3 class='grid-entry-title entry-title '  itemprop=\"headline\" ><a href='https:\/\/www.swisnot.ch\/de\/domaines\/stiftungen-vereine-trust\/' title='Stiftungen, Vereine, Trust'>Stiftungen, Vereine, Trust<\/a><\/h3><\/header><\/div><footer class=\"entry-footer\"><\/footer><\/article><\/div><div data-ajax-id='5616' class=' grid-entry flex_column isotope-item all_sort no_margin post-entry post-entry-5616 grid-entry-overview grid-loop-3 grid-parity-odd  domaines-activite-de_sort  av_one_fourth  default_av_fullwidth '><article class='main_color inner-entry'  itemscope=\"itemscope\" itemtype=\"https:\/\/schema.org\/CreativeWork\" ><a href='https:\/\/www.swisnot.ch\/de\/domaines\/steuern\/' title='Steuern'  data-rel='grid-1' class='grid-image avia-hover-fx'> <img decoding=\"async\" fetchpriority=\"high\" width=\"260\" height=\"185\" src=\"https:\/\/www.swisnot.ch\/wp\/wp-content\/uploads\/2021\/05\/fiscalite-swisNot-260x185.jpg\" class=\"wp-image-3514 avia-img-lazy-loading-not-3514 attachment-portfolio_small size-portfolio_small wp-post-image\" alt=\"\" \/><\/a><div class='grid-content'><div class='avia-arrow'><\/div><header class=\"entry-content-header\"><h3 class='grid-entry-title entry-title '  itemprop=\"headline\" ><a href='https:\/\/www.swisnot.ch\/de\/domaines\/steuern\/' title='Steuern'>Steuern<\/a><\/h3><\/header><\/div><footer class=\"entry-footer\"><\/footer><\/article><\/div><div data-ajax-id='6170' class=' grid-entry flex_column isotope-item all_sort no_margin post-entry post-entry-6170 grid-entry-overview grid-loop-4 grid-parity-even  domaines-activite-de_sort  av_one_fourth  default_av_fullwidth '><article class='main_color inner-entry'  itemscope=\"itemscope\" itemtype=\"https:\/\/schema.org\/CreativeWork\" ><a href='https:\/\/www.swisnot.ch\/de\/domaines\/rechtsgutachten-beratung\/' title='Rechtsgutachten, Beratung'  data-rel='grid-1' class='grid-image avia-hover-fx'> <img decoding=\"async\" fetchpriority=\"high\" width=\"260\" height=\"185\" src=\"https:\/\/www.swisnot.ch\/wp\/wp-content\/uploads\/2021\/05\/avis-de-droit-swisNot-260x185.jpg\" class=\"wp-image-3518 avia-img-lazy-loading-not-3518 attachment-portfolio_small size-portfolio_small wp-post-image\" alt=\"\" \/><\/a><div class='grid-content'><div class='avia-arrow'><\/div><header class=\"entry-content-header\"><h3 class='grid-entry-title entry-title '  itemprop=\"headline\" ><a href='https:\/\/www.swisnot.ch\/de\/domaines\/rechtsgutachten-beratung\/' title='Rechtsgutachten, Beratung'>Rechtsgutachten, Beratung<\/a><\/h3><\/header><\/div><footer class=\"entry-footer\"><\/footer><\/article><\/div><div data-ajax-id='5150' class=' grid-entry flex_column isotope-item all_sort no_margin post-entry post-entry-5150 grid-entry-overview grid-loop-5 grid-parity-odd  domaines-activite-de_sort  av_one_fourth first default_av_fullwidth '><article class='main_color inner-entry'  itemscope=\"itemscope\" itemtype=\"https:\/\/schema.org\/CreativeWork\" ><a href='https:\/\/www.swisnot.ch\/de\/domaines\/immobilienrecht\/' title='Immobilienrecht'  data-rel='grid-1' class='grid-image avia-hover-fx'> <img decoding=\"async\" fetchpriority=\"high\" width=\"260\" height=\"185\" src=\"https:\/\/www.swisnot.ch\/wp\/wp-content\/uploads\/2021\/05\/Droit-Immobilier-_-swiNot-260x185.jpg\" class=\"wp-image-3453 avia-img-lazy-loading-not-3453 attachment-portfolio_small size-portfolio_small wp-post-image\" alt=\"\" \/><\/a><div class='grid-content'><div class='avia-arrow'><\/div><header class=\"entry-content-header\"><h3 class='grid-entry-title entry-title '  itemprop=\"headline\" ><a href='https:\/\/www.swisnot.ch\/de\/domaines\/immobilienrecht\/' title='Immobilienrecht'>Immobilienrecht<\/a><\/h3><\/header><\/div><footer class=\"entry-footer\"><\/footer><\/article><\/div><div data-ajax-id='5361' class=' grid-entry flex_column isotope-item all_sort no_margin post-entry post-entry-5361 grid-entry-overview grid-loop-6 grid-parity-even  domaines-activite-de_sort  av_one_fourth  default_av_fullwidth '><article class='main_color inner-entry'  itemscope=\"itemscope\" itemtype=\"https:\/\/schema.org\/CreativeWork\" ><a href='https:\/\/www.swisnot.ch\/de\/domaines\/gesellschaftrecht\/' title='Gesellschaftrecht'  data-rel='grid-1' class='grid-image avia-hover-fx'> <img decoding=\"async\" fetchpriority=\"high\" width=\"260\" height=\"185\" src=\"https:\/\/www.swisnot.ch\/wp\/wp-content\/uploads\/2021\/05\/droit-des-societe-swisNot-260x185.jpg\" class=\"wp-image-3558 avia-img-lazy-loading-not-3558 attachment-portfolio_small size-portfolio_small wp-post-image\" alt=\"\" \/><\/a><div class='grid-content'><div class='avia-arrow'><\/div><header class=\"entry-content-header\"><h3 class='grid-entry-title entry-title '  itemprop=\"headline\" ><a href='https:\/\/www.swisnot.ch\/de\/domaines\/gesellschaftrecht\/' title='Gesellschaftrecht'>Gesellschaftrecht<\/a><\/h3><\/header><\/div><footer class=\"entry-footer\"><\/footer><\/article><\/div><div data-ajax-id='4861' class=' grid-entry flex_column isotope-item all_sort no_margin post-entry post-entry-4861 grid-entry-overview grid-loop-7 grid-parity-odd  post-entry-last  domaines-activite-de_sort  av_one_fourth  default_av_fullwidth '><article class='main_color inner-entry'  itemscope=\"itemscope\" itemtype=\"https:\/\/schema.org\/CreativeWork\" ><a href='https:\/\/www.swisnot.ch\/de\/domaines\/familien-und-erbrecht\/' title='Familien und Erbrecht'  data-rel='grid-1' class='grid-image avia-hover-fx'> <img decoding=\"async\" fetchpriority=\"high\" width=\"260\" height=\"185\" src=\"https:\/\/www.swisnot.ch\/wp\/wp-content\/uploads\/2021\/05\/Droit-de-la-Famille-et-des-successions-swisNot-260x185.jpg\" class=\"wp-image-4640 avia-img-lazy-loading-not-4640 attachment-portfolio_small size-portfolio_small wp-post-image\" alt=\"\" \/><\/a><div class='grid-content'><div class='avia-arrow'><\/div><header class=\"entry-content-header\"><h3 class='grid-entry-title entry-title '  itemprop=\"headline\" ><a href='https:\/\/www.swisnot.ch\/de\/domaines\/familien-und-erbrecht\/' title='Familien und Erbrecht'>Familien und Erbrecht<\/a><\/h3><\/header><\/div><footer class=\"entry-footer\"><\/footer><\/article><\/div><\/div><\/div>   <!--   class=\"av-portfolio-grid-sorting-container\"  --><div class='pagination-wrap  '><nav class='pagination'><span class='pagination-meta'>Seite 1 von 0<\/span><\/nav>\n<\/div><\/p><\/div>\n","protected":false},"excerpt":{"rendered":"","protected":false},"author":1,"featured_media":0,"parent":0,"menu_order":0,"comment_status":"closed","ping_status":"closed","template":"","meta":{"_acf_changed":false,"footnotes":""},"class_list":["post-4873","page","type-page","status-publish","hentry"],"acf":[],"yoast_head":"<!-- This site is optimized with the Yoast SEO plugin v24.9 - https:\/\/yoast.com\/wordpress\/plugins\/seo\/ -->\n<title>Nos Prestations - swisNot - Le r\u00e9seau notarial suisse<\/title>\n<meta name=\"description\" content=\"swisNot, le r\u00e9seau notarial suisse, votre partenaire en mati\u00e8re juridique et fiscale\" \/>\n<meta name=\"robots\" content=\"index, follow, max-snippet:-1, max-image-preview:large, max-video-preview:-1\" \/>\n<link rel=\"canonical\" href=\"https:\/\/www.swisnot.ch\/de\/taetigkeitsfelder\/\" \/>\n<meta property=\"og:locale\" content=\"de_DE\" \/>\n<meta property=\"og:type\" content=\"article\" \/>\n<meta property=\"og:title\" content=\"Nos Prestations - swisNot - Le r\u00e9seau notarial suisse\" \/>\n<meta property=\"og:description\" content=\"swisNot, le r\u00e9seau notarial suisse, votre partenaire en mati\u00e8re juridique et fiscale\" \/>\n<meta property=\"og:url\" content=\"https:\/\/www.swisnot.ch\/de\/taetigkeitsfelder\/\" \/>\n<meta property=\"og:site_name\" content=\"swisNot - Le r\u00e9seau notarial suisse\" \/>\n<meta property=\"article:modified_time\" content=\"2021-11-15T14:45:37+00:00\" \/>\n<meta name=\"twitter:card\" content=\"summary_large_image\" \/>\n<meta name=\"twitter:label1\" content=\"Est. reading time\" \/>\n\t<meta name=\"twitter:data1\" content=\"2 minutes\" \/>\n<script type=\"application\/ld+json\" class=\"yoast-schema-graph\">{\"@context\":\"https:\/\/schema.org\",\"@graph\":[{\"@type\":\"WebPage\",\"@id\":\"https:\/\/www.swisnot.ch\/de\/taetigkeitsfelder\/\",\"url\":\"https:\/\/www.swisnot.ch\/de\/taetigkeitsfelder\/\",\"name\":\"Nos Prestations - swisNot - Le r\u00e9seau notarial suisse\",\"isPartOf\":{\"@id\":\"https:\/\/www.swisnot.ch\/de\/#website\"},\"datePublished\":\"2016-01-09T16:57:15+00:00\",\"dateModified\":\"2021-11-15T14:45:37+00:00\",\"description\":\"swisNot, le r\u00e9seau notarial suisse, votre partenaire en mati\u00e8re juridique et fiscale\",\"breadcrumb\":{\"@id\":\"https:\/\/www.swisnot.ch\/de\/taetigkeitsfelder\/#breadcrumb\"},\"inLanguage\":\"de-DE\",\"potentialAction\":[{\"@type\":\"ReadAction\",\"target\":[\"https:\/\/www.swisnot.ch\/de\/taetigkeitsfelder\/\"]}]},{\"@type\":\"BreadcrumbList\",\"@id\":\"https:\/\/www.swisnot.ch\/de\/taetigkeitsfelder\/#breadcrumb\",\"itemListElement\":[{\"@type\":\"ListItem\",\"position\":1,\"name\":\"Accueil\",\"item\":\"https:\/\/www.swisnot.ch\/de\/home\/\"},{\"@type\":\"ListItem\",\"position\":2,\"name\":\"T\u00e4tigkeitsfelder\"}]},{\"@type\":\"WebSite\",\"@id\":\"https:\/\/www.swisnot.ch\/de\/#website\",\"url\":\"https:\/\/www.swisnot.ch\/de\/\",\"name\":\"swisNot - Le r\u00e9seau notarial suisse\",\"description\":\"Votre partenaire en mati\u00e8re juridique et fiscale\",\"potentialAction\":[{\"@type\":\"SearchAction\",\"target\":{\"@type\":\"EntryPoint\",\"urlTemplate\":\"https:\/\/www.swisnot.ch\/de\/?s={search_term_string}\"},\"query-input\":{\"@type\":\"PropertyValueSpecification\",\"valueRequired\":true,\"valueName\":\"search_term_string\"}}],\"inLanguage\":\"de-DE\"}]}<\/script>\n<!-- \/ Yoast SEO plugin. -->","yoast_head_json":{"title":"Nos Prestations - swisNot - Le r\u00e9seau notarial suisse","description":"swisNot, le r\u00e9seau notarial suisse, votre partenaire en mati\u00e8re juridique et fiscale","robots":{"index":"index","follow":"follow","max-snippet":"max-snippet:-1","max-image-preview":"max-image-preview:large","max-video-preview":"max-video-preview:-1"},"canonical":"https:\/\/www.swisnot.ch\/de\/taetigkeitsfelder\/","og_locale":"de_DE","og_type":"article","og_title":"Nos Prestations - swisNot - Le r\u00e9seau notarial suisse","og_description":"swisNot, le r\u00e9seau notarial suisse, votre partenaire en mati\u00e8re juridique et fiscale","og_url":"https:\/\/www.swisnot.ch\/de\/taetigkeitsfelder\/","og_site_name":"swisNot - Le r\u00e9seau notarial suisse","article_modified_time":"2021-11-15T14:45:37+00:00","twitter_card":"summary_large_image","twitter_misc":{"Est. reading time":"2 minutes"},"schema":{"@context":"https:\/\/schema.org","@graph":[{"@type":"WebPage","@id":"https:\/\/www.swisnot.ch\/de\/taetigkeitsfelder\/","url":"https:\/\/www.swisnot.ch\/de\/taetigkeitsfelder\/","name":"Nos Prestations - swisNot - Le r\u00e9seau notarial suisse","isPartOf":{"@id":"https:\/\/www.swisnot.ch\/de\/#website"},"datePublished":"2016-01-09T16:57:15+00:00","dateModified":"2021-11-15T14:45:37+00:00","description":"swisNot, le r\u00e9seau notarial suisse, votre partenaire en mati\u00e8re juridique et fiscale","breadcrumb":{"@id":"https:\/\/www.swisnot.ch\/de\/taetigkeitsfelder\/#breadcrumb"},"inLanguage":"de-DE","potentialAction":[{"@type":"ReadAction","target":["https:\/\/www.swisnot.ch\/de\/taetigkeitsfelder\/"]}]},{"@type":"BreadcrumbList","@id":"https:\/\/www.swisnot.ch\/de\/taetigkeitsfelder\/#breadcrumb","itemListElement":[{"@type":"ListItem","position":1,"name":"Accueil","item":"https:\/\/www.swisnot.ch\/de\/home\/"},{"@type":"ListItem","position":2,"name":"T\u00e4tigkeitsfelder"}]},{"@type":"WebSite","@id":"https:\/\/www.swisnot.ch\/de\/#website","url":"https:\/\/www.swisnot.ch\/de\/","name":"swisNot - Le r\u00e9seau notarial suisse","description":"Votre partenaire en mati\u00e8re juridique et fiscale","potentialAction":[{"@type":"SearchAction","target":{"@type":"EntryPoint","urlTemplate":"https:\/\/www.swisnot.ch\/de\/?s={search_term_string}"},"query-input":{"@type":"PropertyValueSpecification","valueRequired":true,"valueName":"search_term_string"}}],"inLanguage":"de-DE"}]}},"_links":{"self":[{"href":"https:\/\/www.swisnot.ch\/de\/wp-json\/wp\/v2\/pages\/4873","targetHints":{"allow":["GET"]}}],"collection":[{"href":"https:\/\/www.swisnot.ch\/de\/wp-json\/wp\/v2\/pages"}],"about":[{"href":"https:\/\/www.swisnot.ch\/de\/wp-json\/wp\/v2\/types\/page"}],"author":[{"embeddable":true,"href":"https:\/\/www.swisnot.ch\/de\/wp-json\/wp\/v2\/users\/1"}],"replies":[{"embeddable":true,"href":"https:\/\/www.swisnot.ch\/de\/wp-json\/wp\/v2\/comments?post=4873"}],"version-history":[{"count":2,"href":"https:\/\/www.swisnot.ch\/de\/wp-json\/wp\/v2\/pages\/4873\/revisions"}],"predecessor-version":[{"id":4958,"href":"https:\/\/www.swisnot.ch\/de\/wp-json\/wp\/v2\/pages\/4873\/revisions\/4958"}],"wp:attachment":[{"href":"https:\/\/www.swisnot.ch\/de\/wp-json\/wp\/v2\/media?parent=4873"}],"curies":[{"name":"wp","href":"https:\/\/api.w.org\/{rel}","templated":true}]}}